{"id":10514,"date":"2025-03-31T08:15:36","date_gmt":"2025-03-31T08:15:36","guid":{"rendered":"https:\/\/www.stilnovo.com\/collection\/all\/xilema-system-2"},"modified":"2025-05-06T14:27:23","modified_gmt":"2025-05-06T14:27:23","slug":"xilema-system-2","status":"publish","type":"product","link":"https:\/\/stilnovo.trizerolab.it\/de\/collection\/wand-decke-de\/xilema-system-2\/","title":{"rendered":"Xilema System"},"content":{"rendered":"<p>Xilema System definiert modulare Beleuchtung neu. Sein Design erm\u00f6glicht flie\u00dfende, kontinuierliche Lichtgeometrien, die sich nahtlos an jede Oberfl\u00e4che anpassen \u2013 ob vertikal, horizontal oder geneigt.<\/p>\n","protected":false},"featured_media":7158,"template":"","product-category":[74],"class_list":["post-10514","product","type-product","status-publish","has-post-thumbnail","hentry","product-category-wand-decke-de"],"acf":[],"_links":{"self":[{"href":"https:\/\/stilnovo.trizerolab.it\/de\/wp-json\/wp\/v2\/product\/10514","targetHints":{"allow":["GET"]}}],"collection":[{"href":"https:\/\/stilnovo.trizerolab.it\/de\/wp-json\/wp\/v2\/product"}],"about":[{"href":"https:\/\/stilnovo.trizerolab.it\/de\/wp-json\/wp\/v2\/types\/product"}],"wp:featuredmedia":[{"embeddable":true,"href":"https:\/\/stilnovo.trizerolab.it\/de\/wp-json\/wp\/v2\/media\/7158"}],"wp:attachment":[{"href":"https:\/\/stilnovo.trizerolab.it\/de\/wp-json\/wp\/v2\/media?parent=10514"}],"wp:term":[{"taxonomy":"product-category","embeddable":true,"href":"https:\/\/stilnovo.trizerolab.it\/de\/wp-json\/wp\/v2\/product-category?post=10514"}],"curies":[{"name":"wp","href":"https:\/\/api.w.org\/{rel}","templated":true}]}}