{"id":10516,"date":"2025-03-31T08:15:35","date_gmt":"2025-03-31T08:15:35","guid":{"rendered":"https:\/\/www.stilnovo.com\/collection\/all\/triedro-3-2"},"modified":"2025-05-06T14:27:23","modified_gmt":"2025-05-06T14:27:23","slug":"triedro-3-2","status":"publish","type":"product","link":"https:\/\/stilnovo.trizerolab.it\/de\/collection\/wand-decke-de\/triedro-3-2\/","title":{"rendered":"Triedro"},"content":{"rendered":"<p>Triedro ist eine zeitlose Hommage an die Scheinwerfer, die ber\u00fchmte Film- und Fotostudios erleuchteten. Sein funktionales, reduziertes Design verwandelt ein technisches Element in ein raffiniertes Wohnaccessoire, das \u00c4sthetik und Lichtperformance mit au\u00dfergew\u00f6hnlicher Eleganz verbindet.<\/p>\n","protected":false},"featured_media":7098,"template":"","product-category":[74],"class_list":["post-10516","product","type-product","status-publish","has-post-thumbnail","hentry","product-category-wand-decke-de"],"acf":[],"_links":{"self":[{"href":"https:\/\/stilnovo.trizerolab.it\/de\/wp-json\/wp\/v2\/product\/10516","targetHints":{"allow":["GET"]}}],"collection":[{"href":"https:\/\/stilnovo.trizerolab.it\/de\/wp-json\/wp\/v2\/product"}],"about":[{"href":"https:\/\/stilnovo.trizerolab.it\/de\/wp-json\/wp\/v2\/types\/product"}],"wp:featuredmedia":[{"embeddable":true,"href":"https:\/\/stilnovo.trizerolab.it\/de\/wp-json\/wp\/v2\/media\/7098"}],"wp:attachment":[{"href":"https:\/\/stilnovo.trizerolab.it\/de\/wp-json\/wp\/v2\/media?parent=10516"}],"wp:term":[{"taxonomy":"product-category","embeddable":true,"href":"https:\/\/stilnovo.trizerolab.it\/de\/wp-json\/wp\/v2\/product-category?post=10516"}],"curies":[{"name":"wp","href":"https:\/\/api.w.org\/{rel}","templated":true}]}}