{"id":10517,"date":"2025-03-31T08:15:35","date_gmt":"2025-03-31T08:15:35","guid":{"rendered":"https:\/\/www.stilnovo.com\/collection\/all\/tablet-3-2"},"modified":"2025-05-06T14:27:23","modified_gmt":"2025-05-06T14:27:23","slug":"tablet-3-2","status":"publish","type":"product","link":"https:\/\/stilnovo.trizerolab.it\/de\/collection\/wand-decke-de\/tablet-3-2\/","title":{"rendered":"Tablet"},"content":{"rendered":"<p>Tablet verk\u00f6rpert die perfekte Balance zwischen formaler Strenge und Lichtflexibilit\u00e4t. Ein minimalistisches Design, gepr\u00e4gt von einem essenziellen rechteckigen Rahmen, verbirgt eine dynamische Seele: Die verstellbaren Module bewegen sich fast frei auf ihrer Achse und erm\u00f6glichen direktes, indirektes oder kombiniertes Lichtspiel mit raffinierten Reflexionen und Schatten.<\/p>\n","protected":false},"featured_media":7073,"template":"","product-category":[74],"class_list":["post-10517","product","type-product","status-publish","has-post-thumbnail","hentry","product-category-wand-decke-de"],"acf":[],"_links":{"self":[{"href":"https:\/\/stilnovo.trizerolab.it\/de\/wp-json\/wp\/v2\/product\/10517","targetHints":{"allow":["GET"]}}],"collection":[{"href":"https:\/\/stilnovo.trizerolab.it\/de\/wp-json\/wp\/v2\/product"}],"about":[{"href":"https:\/\/stilnovo.trizerolab.it\/de\/wp-json\/wp\/v2\/types\/product"}],"wp:featuredmedia":[{"embeddable":true,"href":"https:\/\/stilnovo.trizerolab.it\/de\/wp-json\/wp\/v2\/media\/7073"}],"wp:attachment":[{"href":"https:\/\/stilnovo.trizerolab.it\/de\/wp-json\/wp\/v2\/media?parent=10517"}],"wp:term":[{"taxonomy":"product-category","embeddable":true,"href":"https:\/\/stilnovo.trizerolab.it\/de\/wp-json\/wp\/v2\/product-category?post=10517"}],"curies":[{"name":"wp","href":"https:\/\/api.w.org\/{rel}","templated":true}]}}