{"id":10518,"date":"2025-03-31T08:15:35","date_gmt":"2025-03-31T08:15:35","guid":{"rendered":"https:\/\/www.stilnovo.com\/collection\/all\/saturn-2-2"},"modified":"2025-05-06T14:27:23","modified_gmt":"2025-05-06T14:27:23","slug":"saturn-2-2","status":"publish","type":"product","link":"https:\/\/stilnovo.trizerolab.it\/de\/collection\/wand-decke-de\/saturn-2-2\/","title":{"rendered":"Saturn"},"content":{"rendered":"<p>Saturn ist ein Ring aus purem Licht, der R\u00e4ume mit seiner skulpturalen Pr\u00e4senz neu definiert. In zwei Durchmessern erh\u00e4ltlich, bereichert er moderne Innenr\u00e4ume mit gleichm\u00e4\u00dfiger und leistungsstarker Beleuchtung.<\/p>\n","protected":false},"featured_media":7043,"template":"","product-category":[74],"class_list":["post-10518","product","type-product","status-publish","has-post-thumbnail","hentry","product-category-wand-decke-de"],"acf":[],"_links":{"self":[{"href":"https:\/\/stilnovo.trizerolab.it\/de\/wp-json\/wp\/v2\/product\/10518","targetHints":{"allow":["GET"]}}],"collection":[{"href":"https:\/\/stilnovo.trizerolab.it\/de\/wp-json\/wp\/v2\/product"}],"about":[{"href":"https:\/\/stilnovo.trizerolab.it\/de\/wp-json\/wp\/v2\/types\/product"}],"wp:featuredmedia":[{"embeddable":true,"href":"https:\/\/stilnovo.trizerolab.it\/de\/wp-json\/wp\/v2\/media\/7043"}],"wp:attachment":[{"href":"https:\/\/stilnovo.trizerolab.it\/de\/wp-json\/wp\/v2\/media?parent=10518"}],"wp:term":[{"taxonomy":"product-category","embeddable":true,"href":"https:\/\/stilnovo.trizerolab.it\/de\/wp-json\/wp\/v2\/product-category?post=10518"}],"curies":[{"name":"wp","href":"https:\/\/api.w.org\/{rel}","templated":true}]}}