{"id":10553,"date":"2025-03-31T08:15:34","date_gmt":"2025-03-31T08:15:34","guid":{"rendered":"https:\/\/www.stilnovo.com\/collection\/all\/minibox-2-2"},"modified":"2025-05-06T14:27:28","modified_gmt":"2025-05-06T14:27:28","slug":"minibox-2-2","status":"publish","type":"product","link":"https:\/\/stilnovo.trizerolab.it\/de\/collection\/wand-decke-de\/minibox-2-2\/","title":{"rendered":"Minibox"},"content":{"rendered":"<p>Minibox Parete ist eine kleine Lichtrevolution, die die Strenge minimalistischen Designs mit feiner Ironie verbindet und so Pers\u00f6nlichkeit und Funktionalit\u00e4t in unterschiedlichste R\u00e4ume bringt. Ihr markantes Merkmal ist der ikonische Leuchtenkopf, der \u00fcber eine elegante Magnetbefestigung mit dem Metallk\u00f6rper verbunden ist \u2013 ein technisches Detail, das es erm\u00f6glicht, das Licht mit h\u00f6chster Freiheit und Pr\u00e4zision auszurichten.<\/p>\n","protected":false},"featured_media":6913,"template":"","product-category":[74],"class_list":["post-10553","product","type-product","status-publish","has-post-thumbnail","hentry","product-category-wand-decke-de"],"acf":[],"_links":{"self":[{"href":"https:\/\/stilnovo.trizerolab.it\/de\/wp-json\/wp\/v2\/product\/10553","targetHints":{"allow":["GET"]}}],"collection":[{"href":"https:\/\/stilnovo.trizerolab.it\/de\/wp-json\/wp\/v2\/product"}],"about":[{"href":"https:\/\/stilnovo.trizerolab.it\/de\/wp-json\/wp\/v2\/types\/product"}],"wp:featuredmedia":[{"embeddable":true,"href":"https:\/\/stilnovo.trizerolab.it\/de\/wp-json\/wp\/v2\/media\/6913"}],"wp:attachment":[{"href":"https:\/\/stilnovo.trizerolab.it\/de\/wp-json\/wp\/v2\/media?parent=10553"}],"wp:term":[{"taxonomy":"product-category","embeddable":true,"href":"https:\/\/stilnovo.trizerolab.it\/de\/wp-json\/wp\/v2\/product-category?post=10553"}],"curies":[{"name":"wp","href":"https:\/\/api.w.org\/{rel}","templated":true}]}}