{"id":10555,"date":"2025-03-31T08:15:34","date_gmt":"2025-03-31T08:15:34","guid":{"rendered":"https:\/\/www.stilnovo.com\/collection\/all\/lampiatta-3-2"},"modified":"2025-05-06T14:27:28","modified_gmt":"2025-05-06T14:27:28","slug":"lampiatta-3-2","status":"publish","type":"product","link":"https:\/\/stilnovo.trizerolab.it\/de\/collection\/wand-decke-de\/lampiatta-3-2\/","title":{"rendered":"Lampiatta"},"content":{"rendered":"<p>Lampiatta ist eine Hommage an intelligentes Design: eine Ikone der Funktionalit\u00e4t und des Stils, die mit einem \u00fcberraschend einfachen Ansatz Komplexit\u00e4t \u00fcberwindet. Ohne Gelenke oder Mechanismen passt sich das Licht auf nat\u00fcrliche Weise an jeden Raum und jede Atmosph\u00e4re an.<\/p>\n","protected":false},"featured_media":6863,"template":"","product-category":[74],"class_list":["post-10555","product","type-product","status-publish","has-post-thumbnail","hentry","product-category-wand-decke-de"],"acf":[],"_links":{"self":[{"href":"https:\/\/stilnovo.trizerolab.it\/de\/wp-json\/wp\/v2\/product\/10555","targetHints":{"allow":["GET"]}}],"collection":[{"href":"https:\/\/stilnovo.trizerolab.it\/de\/wp-json\/wp\/v2\/product"}],"about":[{"href":"https:\/\/stilnovo.trizerolab.it\/de\/wp-json\/wp\/v2\/types\/product"}],"wp:featuredmedia":[{"embeddable":true,"href":"https:\/\/stilnovo.trizerolab.it\/de\/wp-json\/wp\/v2\/media\/6863"}],"wp:attachment":[{"href":"https:\/\/stilnovo.trizerolab.it\/de\/wp-json\/wp\/v2\/media?parent=10555"}],"wp:term":[{"taxonomy":"product-category","embeddable":true,"href":"https:\/\/stilnovo.trizerolab.it\/de\/wp-json\/wp\/v2\/product-category?post=10555"}],"curies":[{"name":"wp","href":"https:\/\/api.w.org\/{rel}","templated":true}]}}