{"id":10558,"date":"2025-03-31T08:15:33","date_gmt":"2025-03-31T08:15:33","guid":{"rendered":"https:\/\/www.stilnovo.com\/collection\/all\/honey-2-2"},"modified":"2025-05-06T14:27:28","modified_gmt":"2025-05-06T14:27:28","slug":"honey-2-2","status":"publish","type":"product","link":"https:\/\/stilnovo.trizerolab.it\/de\/collection\/wand-decke-de\/honey-2-2\/","title":{"rendered":"Honey"},"content":{"rendered":"<p>Honey Applique ist ein raffiniertes modulares Spiel, das das Licht als architektonisches Element interpretiert. In zwei linearen Ausf\u00fchrungen \u2013 mit drei oder neun Modulen \u2013 strukturiert sie den Raum mit Rhythmus und Harmonie und verleiht ihm eine dezente, zeitgem\u00e4\u00dfe Eleganz. Die gewellten Diffusoren aus opalem Material filtern das Licht auf nat\u00fcrliche Weise und erzeugen zarte Schattierungen und dynamische Reflexe, die die Dreidimensionalit\u00e4t des Designs betonen.<\/p>\n","protected":false},"featured_media":6783,"template":"","product-category":[74],"class_list":["post-10558","product","type-product","status-publish","has-post-thumbnail","hentry","product-category-wand-decke-de"],"acf":[],"_links":{"self":[{"href":"https:\/\/stilnovo.trizerolab.it\/de\/wp-json\/wp\/v2\/product\/10558","targetHints":{"allow":["GET"]}}],"collection":[{"href":"https:\/\/stilnovo.trizerolab.it\/de\/wp-json\/wp\/v2\/product"}],"about":[{"href":"https:\/\/stilnovo.trizerolab.it\/de\/wp-json\/wp\/v2\/types\/product"}],"wp:featuredmedia":[{"embeddable":true,"href":"https:\/\/stilnovo.trizerolab.it\/de\/wp-json\/wp\/v2\/media\/6783"}],"wp:attachment":[{"href":"https:\/\/stilnovo.trizerolab.it\/de\/wp-json\/wp\/v2\/media?parent=10558"}],"wp:term":[{"taxonomy":"product-category","embeddable":true,"href":"https:\/\/stilnovo.trizerolab.it\/de\/wp-json\/wp\/v2\/product-category?post=10558"}],"curies":[{"name":"wp","href":"https:\/\/api.w.org\/{rel}","templated":true}]}}