{"id":10560,"date":"2025-03-31T08:15:33","date_gmt":"2025-03-31T08:15:33","guid":{"rendered":"https:\/\/www.stilnovo.com\/collection\/all\/goletta-2"},"modified":"2025-05-06T14:27:28","modified_gmt":"2025-05-06T14:27:28","slug":"goletta-2","status":"publish","type":"product","link":"https:\/\/stilnovo.trizerolab.it\/de\/collection\/wand-decke-de\/goletta-2\/","title":{"rendered":"Goletta"},"content":{"rendered":"<p>Goletta ist eines der ersten Beispiele f\u00fcr den innovativen Einsatz von Kunststoffmaterialien durch Stilnovo und markiert einen revolution\u00e4ren Meilenstein im Lichtdesign. Diese Wand- oder Deckenleuchte bricht mit der Zweidimensionalit\u00e4t durch ihre ausgestellte Silhouette und eine durchdachte Innenstruktur zur Optimierung der Lichtstreuung.<\/p>\n","protected":false},"featured_media":7914,"template":"","product-category":[74],"class_list":["post-10560","product","type-product","status-publish","has-post-thumbnail","hentry","product-category-wand-decke-de"],"acf":[],"_links":{"self":[{"href":"https:\/\/stilnovo.trizerolab.it\/de\/wp-json\/wp\/v2\/product\/10560","targetHints":{"allow":["GET"]}}],"collection":[{"href":"https:\/\/stilnovo.trizerolab.it\/de\/wp-json\/wp\/v2\/product"}],"about":[{"href":"https:\/\/stilnovo.trizerolab.it\/de\/wp-json\/wp\/v2\/types\/product"}],"wp:featuredmedia":[{"embeddable":true,"href":"https:\/\/stilnovo.trizerolab.it\/de\/wp-json\/wp\/v2\/media\/7914"}],"wp:attachment":[{"href":"https:\/\/stilnovo.trizerolab.it\/de\/wp-json\/wp\/v2\/media?parent=10560"}],"wp:term":[{"taxonomy":"product-category","embeddable":true,"href":"https:\/\/stilnovo.trizerolab.it\/de\/wp-json\/wp\/v2\/product-category?post=10560"}],"curies":[{"name":"wp","href":"https:\/\/api.w.org\/{rel}","templated":true}]}}