{"id":10562,"date":"2025-03-31T08:15:32","date_gmt":"2025-03-31T08:15:32","guid":{"rendered":"https:\/\/www.stilnovo.com\/collection\/all\/fante-2-2"},"modified":"2025-05-06T14:27:33","modified_gmt":"2025-05-06T14:27:33","slug":"fante-2-2","status":"publish","type":"product","link":"https:\/\/stilnovo.trizerolab.it\/de\/collection\/wand-decke-de\/fante-2-2\/","title":{"rendered":"Fante"},"content":{"rendered":"<p>Das Licht von Fante l\u00e4sst sich m\u00fchelos formen, dank des eleganten schwenkbaren Reflektors, der direkt auf der Gl\u00fchbirne positioniert ist. Ein markantes Detail, das nicht nur die Reinheit des Designs unterstreicht, sondern auch eine unvergleichliche Vielseitigkeit bietet und es erm\u00f6glicht, das Licht mit Pr\u00e4zision und Harmonie zu lenken.<\/p>\n","protected":false},"featured_media":6663,"template":"","product-category":[74],"class_list":["post-10562","product","type-product","status-publish","has-post-thumbnail","hentry","product-category-wand-decke-de"],"acf":[],"_links":{"self":[{"href":"https:\/\/stilnovo.trizerolab.it\/de\/wp-json\/wp\/v2\/product\/10562","targetHints":{"allow":["GET"]}}],"collection":[{"href":"https:\/\/stilnovo.trizerolab.it\/de\/wp-json\/wp\/v2\/product"}],"about":[{"href":"https:\/\/stilnovo.trizerolab.it\/de\/wp-json\/wp\/v2\/types\/product"}],"wp:featuredmedia":[{"embeddable":true,"href":"https:\/\/stilnovo.trizerolab.it\/de\/wp-json\/wp\/v2\/media\/6663"}],"wp:attachment":[{"href":"https:\/\/stilnovo.trizerolab.it\/de\/wp-json\/wp\/v2\/media?parent=10562"}],"wp:term":[{"taxonomy":"product-category","embeddable":true,"href":"https:\/\/stilnovo.trizerolab.it\/de\/wp-json\/wp\/v2\/product-category?post=10562"}],"curies":[{"name":"wp","href":"https:\/\/api.w.org\/{rel}","templated":true}]}}