{"id":10595,"date":"2025-03-31T08:15:32","date_gmt":"2025-03-31T08:15:32","guid":{"rendered":"https:\/\/www.stilnovo.com\/collection\/all\/demi-2-2"},"modified":"2025-05-06T14:27:33","modified_gmt":"2025-05-06T14:27:33","slug":"demi-2-2","status":"publish","type":"product","link":"https:\/\/stilnovo.trizerolab.it\/de\/collection\/wand-decke-de\/demi-2-2\/","title":{"rendered":"Dem\u00ec"},"content":{"rendered":"<p>Im ausgeschalteten Zustand erscheint Dem\u00ec als eine majest\u00e4tische, transparente Kuppel \u2013 eine perfekte Balance zwischen Leichtigkeit und dezenter Eleganz. Sobald sie eingeschaltet wird, erwacht die Magie zum Leben: Ihre fein laser-mikrogravierte Oberfl\u00e4che f\u00e4ngt das Licht ein und streut es in au\u00dfergew\u00f6hnlicher Harmonie, w\u00e4hrend der untere Rand ein sanftes, umh\u00fcllendes Leuchten verbreitet. Das Ergebnis ist eine raffinierte und stimmungsvolle Beleuchtung, die jeden Raum mit einem Hauch exklusiver Eleganz bereichert.<\/p>\n","protected":false},"featured_media":6578,"template":"","product-category":[74],"class_list":["post-10595","product","type-product","status-publish","has-post-thumbnail","hentry","product-category-wand-decke-de"],"acf":[],"_links":{"self":[{"href":"https:\/\/stilnovo.trizerolab.it\/de\/wp-json\/wp\/v2\/product\/10595","targetHints":{"allow":["GET"]}}],"collection":[{"href":"https:\/\/stilnovo.trizerolab.it\/de\/wp-json\/wp\/v2\/product"}],"about":[{"href":"https:\/\/stilnovo.trizerolab.it\/de\/wp-json\/wp\/v2\/types\/product"}],"wp:featuredmedia":[{"embeddable":true,"href":"https:\/\/stilnovo.trizerolab.it\/de\/wp-json\/wp\/v2\/media\/6578"}],"wp:attachment":[{"href":"https:\/\/stilnovo.trizerolab.it\/de\/wp-json\/wp\/v2\/media?parent=10595"}],"wp:term":[{"taxonomy":"product-category","embeddable":true,"href":"https:\/\/stilnovo.trizerolab.it\/de\/wp-json\/wp\/v2\/product-category?post=10595"}],"curies":[{"name":"wp","href":"https:\/\/api.w.org\/{rel}","templated":true}]}}