{"id":10596,"date":"2025-03-31T08:15:31","date_gmt":"2025-03-31T08:15:31","guid":{"rendered":"https:\/\/www.stilnovo.com\/collection\/all\/bugia-2-2"},"modified":"2025-05-06T14:27:33","modified_gmt":"2025-05-06T14:27:33","slug":"bugia-2-2","status":"publish","type":"product","link":"https:\/\/stilnovo.trizerolab.it\/de\/collection\/wand-decke-de\/bugia-2-2\/","title":{"rendered":"Bugia"},"content":{"rendered":"<p>Die zeitlose Eleganz antiker Kerzenhalter aufgreifend, interpretiert die Bugia-Lampe von Stilnovo den klassischen Kerzenst\u00e4nder mit Griff auf elegante und innovative Weise neu. Entworfen von Roberto Beretta, verbindet sie Tradition mit Moderne und verwandelt ein ikonisches Objekt in eine stilvolle Lichtquelle.<\/p>\n<p>Der Name Bugia hat tiefe historische Wurzeln: Er stammt von der nordafrikanischen Stadt Bidgiaya, die einst f\u00fcr ihre wertvolle Wachsproduktion f\u00fcr Kerzen bekannt war. Heute tr\u00e4gt diese Lampe denselben nostalgischen Geist in sich und spendet ein warmes, einladendes Licht, das jeden Raum mit raffinierter Schlichtheit bereichert.<\/p>\n<p>Eine Hommage an die Geschichte, entworfen f\u00fcr die Gegenwart.<\/p>\n","protected":false},"featured_media":6548,"template":"","product-category":[74],"class_list":["post-10596","product","type-product","status-publish","has-post-thumbnail","hentry","product-category-wand-decke-de"],"acf":[],"_links":{"self":[{"href":"https:\/\/stilnovo.trizerolab.it\/de\/wp-json\/wp\/v2\/product\/10596","targetHints":{"allow":["GET"]}}],"collection":[{"href":"https:\/\/stilnovo.trizerolab.it\/de\/wp-json\/wp\/v2\/product"}],"about":[{"href":"https:\/\/stilnovo.trizerolab.it\/de\/wp-json\/wp\/v2\/types\/product"}],"wp:featuredmedia":[{"embeddable":true,"href":"https:\/\/stilnovo.trizerolab.it\/de\/wp-json\/wp\/v2\/media\/6548"}],"wp:attachment":[{"href":"https:\/\/stilnovo.trizerolab.it\/de\/wp-json\/wp\/v2\/media?parent=10596"}],"wp:term":[{"taxonomy":"product-category","embeddable":true,"href":"https:\/\/stilnovo.trizerolab.it\/de\/wp-json\/wp\/v2\/product-category?post=10596"}],"curies":[{"name":"wp","href":"https:\/\/api.w.org\/{rel}","templated":true}]}}