{"id":10599,"date":"2025-03-31T08:15:31","date_gmt":"2025-03-31T08:15:31","guid":{"rendered":"https:\/\/www.stilnovo.com\/collection\/all\/trepiu-2"},"modified":"2025-05-06T14:27:33","modified_gmt":"2025-05-06T14:27:33","slug":"trepiu-2","status":"publish","type":"product","link":"https:\/\/stilnovo.trizerolab.it\/de\/collection\/pendelleuchte-de\/trepiu-2\/","title":{"rendered":"Trepi\u00f9"},"content":{"rendered":"<p>Trepi\u00f9 ist eine Pendelleuchte mit zeitlosem Charme, die nostalgische Retro-Atmosph\u00e4ren heraufbeschw\u00f6ren kann, w\u00e4hrend sie gleichzeitig eine bemerkenswerte Modernit\u00e4t bewahrt. Ihr ikonisches Design, entstanden in einer \u00c4ra gro\u00dfer stilistischer Experimente, beleuchtet R\u00e4ume weiterhin mit schlichter und raffinierter Eleganz.<\/p>\n","protected":false},"featured_media":7533,"template":"","product-category":[82],"class_list":["post-10599","product","type-product","status-publish","has-post-thumbnail","hentry","product-category-pendelleuchte-de"],"acf":[],"_links":{"self":[{"href":"https:\/\/stilnovo.trizerolab.it\/de\/wp-json\/wp\/v2\/product\/10599","targetHints":{"allow":["GET"]}}],"collection":[{"href":"https:\/\/stilnovo.trizerolab.it\/de\/wp-json\/wp\/v2\/product"}],"about":[{"href":"https:\/\/stilnovo.trizerolab.it\/de\/wp-json\/wp\/v2\/types\/product"}],"wp:featuredmedia":[{"embeddable":true,"href":"https:\/\/stilnovo.trizerolab.it\/de\/wp-json\/wp\/v2\/media\/7533"}],"wp:attachment":[{"href":"https:\/\/stilnovo.trizerolab.it\/de\/wp-json\/wp\/v2\/media?parent=10599"}],"wp:term":[{"taxonomy":"product-category","embeddable":true,"href":"https:\/\/stilnovo.trizerolab.it\/de\/wp-json\/wp\/v2\/product-category?post=10599"}],"curies":[{"name":"wp","href":"https:\/\/api.w.org\/{rel}","templated":true}]}}