{"id":10601,"date":"2025-03-31T08:15:30","date_gmt":"2025-03-31T08:15:30","guid":{"rendered":"https:\/\/www.stilnovo.com\/collection\/all\/sputnik-2"},"modified":"2025-05-06T14:27:34","modified_gmt":"2025-05-06T14:27:34","slug":"sputnik-2","status":"publish","type":"product","link":"https:\/\/stilnovo.trizerolab.it\/de\/collection\/pendelleuchte-de\/sputnik-2\/","title":{"rendered":"Sputnik"},"content":{"rendered":"<p>Sputnik erleuchtet den Raum mit einer au\u00dfergew\u00f6hnlichen B\u00fchnenpr\u00e4senz und breitet sich in alle Richtungen aus wie ein leuchtendes Feuerwerk. Ein M\u00f6belst\u00fcck, das \u00fcber die blo\u00dfe Beleuchtungsfunktion hinausgeht und sich in ein schwebendes Kunstwerk verwandelt, das jedem Raum Charakter verleiht.<\/p>\n","protected":false},"featured_media":7884,"template":"","product-category":[82],"class_list":["post-10601","product","type-product","status-publish","has-post-thumbnail","hentry","product-category-pendelleuchte-de"],"acf":[],"_links":{"self":[{"href":"https:\/\/stilnovo.trizerolab.it\/de\/wp-json\/wp\/v2\/product\/10601","targetHints":{"allow":["GET"]}}],"collection":[{"href":"https:\/\/stilnovo.trizerolab.it\/de\/wp-json\/wp\/v2\/product"}],"about":[{"href":"https:\/\/stilnovo.trizerolab.it\/de\/wp-json\/wp\/v2\/types\/product"}],"wp:featuredmedia":[{"embeddable":true,"href":"https:\/\/stilnovo.trizerolab.it\/de\/wp-json\/wp\/v2\/media\/7884"}],"wp:attachment":[{"href":"https:\/\/stilnovo.trizerolab.it\/de\/wp-json\/wp\/v2\/media?parent=10601"}],"wp:term":[{"taxonomy":"product-category","embeddable":true,"href":"https:\/\/stilnovo.trizerolab.it\/de\/wp-json\/wp\/v2\/product-category?post=10601"}],"curies":[{"name":"wp","href":"https:\/\/api.w.org\/{rel}","templated":true}]}}