{"id":10635,"date":"2025-03-31T08:15:30","date_gmt":"2025-03-31T08:15:30","guid":{"rendered":"https:\/\/www.stilnovo.com\/collection\/all\/quad-3"},"modified":"2025-05-06T14:27:39","modified_gmt":"2025-05-06T14:27:39","slug":"quad-3","status":"publish","type":"product","link":"https:\/\/stilnovo.trizerolab.it\/de\/collection\/pendelleuchte-de\/quad-3\/","title":{"rendered":"Quad"},"content":{"rendered":"<p>Essenzielle Linien und strenge Proportionen verschmelzen zu leichten, aber eindrucksvollen Strukturen, in denen das Licht zur Hauptdarstellerin wird und den Raum mit Eleganz und Pr\u00e4zision formt. Quad ist f\u00fcr R\u00e4ume gedacht, die einen markanten und anspruchsvollen grafischen Akzent verlangen: Jede Komposition erz\u00e4hlt von einer ma\u00dfgeschneiderten Vision im Gleichgewicht zwischen Design und Architektur, zwischen Form und Licht.<\/p>\n","protected":false},"featured_media":8096,"template":"","product-category":[82],"class_list":["post-10635","product","type-product","status-publish","has-post-thumbnail","hentry","product-category-pendelleuchte-de"],"acf":[],"_links":{"self":[{"href":"https:\/\/stilnovo.trizerolab.it\/de\/wp-json\/wp\/v2\/product\/10635","targetHints":{"allow":["GET"]}}],"collection":[{"href":"https:\/\/stilnovo.trizerolab.it\/de\/wp-json\/wp\/v2\/product"}],"about":[{"href":"https:\/\/stilnovo.trizerolab.it\/de\/wp-json\/wp\/v2\/types\/product"}],"wp:featuredmedia":[{"embeddable":true,"href":"https:\/\/stilnovo.trizerolab.it\/de\/wp-json\/wp\/v2\/media\/8096"}],"wp:attachment":[{"href":"https:\/\/stilnovo.trizerolab.it\/de\/wp-json\/wp\/v2\/media?parent=10635"}],"wp:term":[{"taxonomy":"product-category","embeddable":true,"href":"https:\/\/stilnovo.trizerolab.it\/de\/wp-json\/wp\/v2\/product-category?post=10635"}],"curies":[{"name":"wp","href":"https:\/\/api.w.org\/{rel}","templated":true}]}}