{"id":10636,"date":"2025-03-31T08:15:29","date_gmt":"2025-03-31T08:15:29","guid":{"rendered":"https:\/\/www.stilnovo.com\/collection\/all\/opti-line-2"},"modified":"2025-05-06T14:27:39","modified_gmt":"2025-05-06T14:27:39","slug":"opti-line-2","status":"publish","type":"product","link":"https:\/\/stilnovo.trizerolab.it\/de\/collection\/pendelleuchte-de\/opti-line-2\/","title":{"rendered":"Opti-Line"},"content":{"rendered":"<p>Opti-Line ist eine Pendelleuchte, die die Wahrnehmung herausfordert: Im ausgeschalteten Zustand verschwindet die d\u00fcnne transparente Platte im Raum; eingeschaltet verwandelt sie sich in eine gleichm\u00e4\u00dfige, diffuse Lichtquelle.<\/p>\n","protected":false},"featured_media":6263,"template":"","product-category":[82],"class_list":["post-10636","product","type-product","status-publish","has-post-thumbnail","hentry","product-category-pendelleuchte-de"],"acf":[],"_links":{"self":[{"href":"https:\/\/stilnovo.trizerolab.it\/de\/wp-json\/wp\/v2\/product\/10636","targetHints":{"allow":["GET"]}}],"collection":[{"href":"https:\/\/stilnovo.trizerolab.it\/de\/wp-json\/wp\/v2\/product"}],"about":[{"href":"https:\/\/stilnovo.trizerolab.it\/de\/wp-json\/wp\/v2\/types\/product"}],"wp:featuredmedia":[{"embeddable":true,"href":"https:\/\/stilnovo.trizerolab.it\/de\/wp-json\/wp\/v2\/media\/6263"}],"wp:attachment":[{"href":"https:\/\/stilnovo.trizerolab.it\/de\/wp-json\/wp\/v2\/media?parent=10636"}],"wp:term":[{"taxonomy":"product-category","embeddable":true,"href":"https:\/\/stilnovo.trizerolab.it\/de\/wp-json\/wp\/v2\/product-category?post=10636"}],"curies":[{"name":"wp","href":"https:\/\/api.w.org\/{rel}","templated":true}]}}