{"id":10639,"date":"2025-03-31T08:15:29","date_gmt":"2025-03-31T08:15:29","guid":{"rendered":"https:\/\/www.stilnovo.com\/collection\/all\/megafono-2-2"},"modified":"2025-05-06T14:27:39","modified_gmt":"2025-05-06T14:27:39","slug":"megafono-2-2","status":"publish","type":"product","link":"https:\/\/stilnovo.trizerolab.it\/de\/collection\/pendelleuchte-de\/megafono-2-2\/","title":{"rendered":"Megafono"},"content":{"rendered":"<p>Megafono ist eine zeitlose Ikone, entstanden in den 1950er-Jahren und noch heute stilpr\u00e4gend mit ihrer eleganten Silhouette und makellosen Details. Eine Pendelleuchte, die mit Klasse erstrahlt und jedem Raum Charakter und Exklusivit\u00e4t verleiht. Das doppelkonische Design der schwenkbaren Schirme sorgt f\u00fcr vielseitiges Licht, das direkte Strahlen mit sanften Reflexionen kombiniert und eine warme, raffinierte Atmosph\u00e4re schafft.<\/p>\n","protected":false},"featured_media":6173,"template":"","product-category":[82],"class_list":["post-10639","product","type-product","status-publish","has-post-thumbnail","hentry","product-category-pendelleuchte-de"],"acf":[],"_links":{"self":[{"href":"https:\/\/stilnovo.trizerolab.it\/de\/wp-json\/wp\/v2\/product\/10639","targetHints":{"allow":["GET"]}}],"collection":[{"href":"https:\/\/stilnovo.trizerolab.it\/de\/wp-json\/wp\/v2\/product"}],"about":[{"href":"https:\/\/stilnovo.trizerolab.it\/de\/wp-json\/wp\/v2\/types\/product"}],"wp:featuredmedia":[{"embeddable":true,"href":"https:\/\/stilnovo.trizerolab.it\/de\/wp-json\/wp\/v2\/media\/6173"}],"wp:attachment":[{"href":"https:\/\/stilnovo.trizerolab.it\/de\/wp-json\/wp\/v2\/media?parent=10639"}],"wp:term":[{"taxonomy":"product-category","embeddable":true,"href":"https:\/\/stilnovo.trizerolab.it\/de\/wp-json\/wp\/v2\/product-category?post=10639"}],"curies":[{"name":"wp","href":"https:\/\/api.w.org\/{rel}","templated":true}]}}