{"id":10640,"date":"2025-03-31T08:15:29","date_gmt":"2025-03-31T08:15:29","guid":{"rendered":"https:\/\/www.stilnovo.com\/collection\/all\/luna-2-2"},"modified":"2025-05-06T14:27:39","modified_gmt":"2025-05-06T14:27:39","slug":"luna-2-2","status":"publish","type":"product","link":"https:\/\/stilnovo.trizerolab.it\/de\/collection\/pendelleuchte-de\/luna-2-2\/","title":{"rendered":"Luna"},"content":{"rendered":"<p>Luna ist eine Lichtlinie, die die Luft sanft streift, mit Anmut und Ausgewogenheit schwebend. Eine reine Designgeste, die den exklusivsten R\u00e4umen eine leise Eleganz verleiht. Ihr Licht, niemals statisch, wird auf eine schwenkbare Scheibe projiziert und verbreitet eine sanfte, einladende Atmosph\u00e4re.<br \/>\nIm Herzen von Luna befindet sich ein patentiertes Gelenk-Balancesystem, das es erm\u00f6glicht, die Lichtprojektion mit nat\u00fcrlicher Leichtigkeit und Pr\u00e4zision zu justieren.<\/p>\n","protected":false},"featured_media":6143,"template":"","product-category":[82],"class_list":["post-10640","product","type-product","status-publish","has-post-thumbnail","hentry","product-category-pendelleuchte-de"],"acf":[],"_links":{"self":[{"href":"https:\/\/stilnovo.trizerolab.it\/de\/wp-json\/wp\/v2\/product\/10640","targetHints":{"allow":["GET"]}}],"collection":[{"href":"https:\/\/stilnovo.trizerolab.it\/de\/wp-json\/wp\/v2\/product"}],"about":[{"href":"https:\/\/stilnovo.trizerolab.it\/de\/wp-json\/wp\/v2\/types\/product"}],"wp:featuredmedia":[{"embeddable":true,"href":"https:\/\/stilnovo.trizerolab.it\/de\/wp-json\/wp\/v2\/media\/6143"}],"wp:attachment":[{"href":"https:\/\/stilnovo.trizerolab.it\/de\/wp-json\/wp\/v2\/media?parent=10640"}],"wp:term":[{"taxonomy":"product-category","embeddable":true,"href":"https:\/\/stilnovo.trizerolab.it\/de\/wp-json\/wp\/v2\/product-category?post=10640"}],"curies":[{"name":"wp","href":"https:\/\/api.w.org\/{rel}","templated":true}]}}