{"id":10641,"date":"2025-03-31T08:15:28","date_gmt":"2025-03-31T08:15:28","guid":{"rendered":"https:\/\/www.stilnovo.com\/collection\/all\/lampiatta-2-2"},"modified":"2025-05-06T14:27:39","modified_gmt":"2025-05-06T14:27:39","slug":"lampiatta-2-2","status":"publish","type":"product","link":"https:\/\/stilnovo.trizerolab.it\/de\/collection\/pendelleuchte-de\/lampiatta-2-2\/","title":{"rendered":"Lampiatta"},"content":{"rendered":"<p>Lampiatta verk\u00f6rpert die H\u00e4ngeleuchte in ihrer reinsten Form. Reduziert auf das Wesentliche, ohne Gelenke oder \u00fcberfl\u00fcssige Mechanismen, ist diese Lampe ein Musterbeispiel an Design-Simplizit\u00e4t. Ein zeitloses Objekt, das Trends \u00fcberdauert, ohne an Charakter zu verlieren.<\/p>\n","protected":false},"featured_media":6113,"template":"","product-category":[82],"class_list":["post-10641","product","type-product","status-publish","has-post-thumbnail","hentry","product-category-pendelleuchte-de"],"acf":[],"_links":{"self":[{"href":"https:\/\/stilnovo.trizerolab.it\/de\/wp-json\/wp\/v2\/product\/10641","targetHints":{"allow":["GET"]}}],"collection":[{"href":"https:\/\/stilnovo.trizerolab.it\/de\/wp-json\/wp\/v2\/product"}],"about":[{"href":"https:\/\/stilnovo.trizerolab.it\/de\/wp-json\/wp\/v2\/types\/product"}],"wp:featuredmedia":[{"embeddable":true,"href":"https:\/\/stilnovo.trizerolab.it\/de\/wp-json\/wp\/v2\/media\/6113"}],"wp:attachment":[{"href":"https:\/\/stilnovo.trizerolab.it\/de\/wp-json\/wp\/v2\/media?parent=10641"}],"wp:term":[{"taxonomy":"product-category","embeddable":true,"href":"https:\/\/stilnovo.trizerolab.it\/de\/wp-json\/wp\/v2\/product-category?post=10641"}],"curies":[{"name":"wp","href":"https:\/\/api.w.org\/{rel}","templated":true}]}}