{"id":10674,"date":"2025-03-31T08:15:28","date_gmt":"2025-03-31T08:15:28","guid":{"rendered":"https:\/\/www.stilnovo.com\/collection\/all\/galassia-2-2"},"modified":"2025-05-06T14:27:44","modified_gmt":"2025-05-06T14:27:44","slug":"galassia-2-2","status":"publish","type":"product","link":"https:\/\/stilnovo.trizerolab.it\/de\/collection\/pendelleuchte-de\/galassia-2-2\/","title":{"rendered":"Galassia"},"content":{"rendered":"<p>Galassia Suspension ist eine Hommage an das Design der 1950er Jahre \u2013 eine perfekte Balance zwischen Form und Funktion. Die Messingstruktur mit galvanischer Vergoldung harmoniert perfekt mit den wei\u00df getriplexten Glasdiffusoren und schafft eine Leuchte mit einem markanten und zugleich eleganten Charakter. Erh\u00e4ltlich in Varianten mit sechs oder zw\u00f6lf Lichtquellen, verleiht Galassia jedem Raum Pers\u00f6nlichkeit und zeitlose Eleganz.<\/p>\n","protected":false},"featured_media":6023,"template":"","product-category":[82],"class_list":["post-10674","product","type-product","status-publish","has-post-thumbnail","hentry","product-category-pendelleuchte-de"],"acf":[],"_links":{"self":[{"href":"https:\/\/stilnovo.trizerolab.it\/de\/wp-json\/wp\/v2\/product\/10674","targetHints":{"allow":["GET"]}}],"collection":[{"href":"https:\/\/stilnovo.trizerolab.it\/de\/wp-json\/wp\/v2\/product"}],"about":[{"href":"https:\/\/stilnovo.trizerolab.it\/de\/wp-json\/wp\/v2\/types\/product"}],"wp:featuredmedia":[{"embeddable":true,"href":"https:\/\/stilnovo.trizerolab.it\/de\/wp-json\/wp\/v2\/media\/6023"}],"wp:attachment":[{"href":"https:\/\/stilnovo.trizerolab.it\/de\/wp-json\/wp\/v2\/media?parent=10674"}],"wp:term":[{"taxonomy":"product-category","embeddable":true,"href":"https:\/\/stilnovo.trizerolab.it\/de\/wp-json\/wp\/v2\/product-category?post=10674"}],"curies":[{"name":"wp","href":"https:\/\/api.w.org\/{rel}","templated":true}]}}