{"id":10676,"date":"2025-03-31T08:15:27","date_gmt":"2025-03-31T08:15:27","guid":{"rendered":"https:\/\/www.stilnovo.com\/collection\/all\/demi-3"},"modified":"2025-05-06T14:27:44","modified_gmt":"2025-05-06T14:27:44","slug":"demi-3","status":"publish","type":"product","link":"https:\/\/stilnovo.trizerolab.it\/de\/collection\/pendelleuchte-de\/demi-3\/","title":{"rendered":"Dem\u00ec"},"content":{"rendered":"<p>Im ausgeschalteten Zustand erscheint Dem\u00ec als gro\u00dfe, transparente Kuppel \u2013 eine leichte, unaufdringliche Pr\u00e4senz im Raum. Doch beim Einschalten entfaltet sie ihr einzigartiges Wesen: Der untere Rand und die lasergravierten Mikrostrukturen streuen ein sanftes, gleichm\u00e4\u00dfiges Licht.<\/p>\n","protected":false},"featured_media":5963,"template":"","product-category":[82],"class_list":["post-10676","product","type-product","status-publish","has-post-thumbnail","hentry","product-category-pendelleuchte-de"],"acf":[],"_links":{"self":[{"href":"https:\/\/stilnovo.trizerolab.it\/de\/wp-json\/wp\/v2\/product\/10676","targetHints":{"allow":["GET"]}}],"collection":[{"href":"https:\/\/stilnovo.trizerolab.it\/de\/wp-json\/wp\/v2\/product"}],"about":[{"href":"https:\/\/stilnovo.trizerolab.it\/de\/wp-json\/wp\/v2\/types\/product"}],"wp:featuredmedia":[{"embeddable":true,"href":"https:\/\/stilnovo.trizerolab.it\/de\/wp-json\/wp\/v2\/media\/5963"}],"wp:attachment":[{"href":"https:\/\/stilnovo.trizerolab.it\/de\/wp-json\/wp\/v2\/media?parent=10676"}],"wp:term":[{"taxonomy":"product-category","embeddable":true,"href":"https:\/\/stilnovo.trizerolab.it\/de\/wp-json\/wp\/v2\/product-category?post=10676"}],"curies":[{"name":"wp","href":"https:\/\/api.w.org\/{rel}","templated":true}]}}