{"id":10677,"date":"2025-03-31T08:15:27","date_gmt":"2025-03-31T08:15:27","guid":{"rendered":"https:\/\/www.stilnovo.com\/collection\/all\/campana-2"},"modified":"2025-05-06T14:27:44","modified_gmt":"2025-05-06T14:27:44","slug":"campana-2","status":"publish","type":"product","link":"https:\/\/stilnovo.trizerolab.it\/de\/collection\/pendelleuchte-de\/campana-2\/","title":{"rendered":"Campana"},"content":{"rendered":"<p>Seit 1969 verk\u00f6rpert Campana den Geist des Pop-Stils\u2014eine \u00c4ra gewagter Formen und lebendiger Farben. Auch heute noch aktuell, bewahrt sie ihre unverwechselbare \u00c4sthetik und den Charme eines Designs, das Generationen \u00fcberdauert hat. Im Spannungsfeld zwischen Design und Funktionalit\u00e4t bleibt Campana ein Meilenstein im Bereich der Beleuchtung. Eine ikonische Pr\u00e4senz, die wie ihre Entstehungszeit weiterhin begeistert.<\/p>\n","protected":false},"featured_media":5933,"template":"","product-category":[82],"class_list":["post-10677","product","type-product","status-publish","has-post-thumbnail","hentry","product-category-pendelleuchte-de"],"acf":[],"_links":{"self":[{"href":"https:\/\/stilnovo.trizerolab.it\/de\/wp-json\/wp\/v2\/product\/10677","targetHints":{"allow":["GET"]}}],"collection":[{"href":"https:\/\/stilnovo.trizerolab.it\/de\/wp-json\/wp\/v2\/product"}],"about":[{"href":"https:\/\/stilnovo.trizerolab.it\/de\/wp-json\/wp\/v2\/types\/product"}],"wp:featuredmedia":[{"embeddable":true,"href":"https:\/\/stilnovo.trizerolab.it\/de\/wp-json\/wp\/v2\/media\/5933"}],"wp:attachment":[{"href":"https:\/\/stilnovo.trizerolab.it\/de\/wp-json\/wp\/v2\/media?parent=10677"}],"wp:term":[{"taxonomy":"product-category","embeddable":true,"href":"https:\/\/stilnovo.trizerolab.it\/de\/wp-json\/wp\/v2\/product-category?post=10677"}],"curies":[{"name":"wp","href":"https:\/\/api.w.org\/{rel}","templated":true}]}}