{"id":10679,"date":"2025-03-31T08:15:27","date_gmt":"2025-03-31T08:15:27","guid":{"rendered":"https:\/\/www.stilnovo.com\/collection\/all\/triedro-4"},"modified":"2025-05-06T14:27:44","modified_gmt":"2025-05-06T14:27:44","slug":"triedro-4","status":"publish","type":"product","link":"https:\/\/stilnovo.trizerolab.it\/de\/collection\/stehleuchte-de\/triedro-4\/","title":{"rendered":"Triedro"},"content":{"rendered":"<p>Die Triedro Stehleuchte erinnert an die B\u00fchnenlampen von Fotosets und verbindet industriellen Charme mit Funktionalit\u00e4t. Der Metallschirm, geformt und in drei Teile gefaltet, reflektiert das Licht der silberkuppelf\u00f6rmigen LED-Lampe und sorgt f\u00fcr blendfreies Licht.<\/p>\n","protected":false},"featured_media":8417,"template":"","product-category":[86],"class_list":["post-10679","product","type-product","status-publish","has-post-thumbnail","hentry","product-category-stehleuchte-de"],"acf":[],"_links":{"self":[{"href":"https:\/\/stilnovo.trizerolab.it\/de\/wp-json\/wp\/v2\/product\/10679","targetHints":{"allow":["GET"]}}],"collection":[{"href":"https:\/\/stilnovo.trizerolab.it\/de\/wp-json\/wp\/v2\/product"}],"about":[{"href":"https:\/\/stilnovo.trizerolab.it\/de\/wp-json\/wp\/v2\/types\/product"}],"wp:featuredmedia":[{"embeddable":true,"href":"https:\/\/stilnovo.trizerolab.it\/de\/wp-json\/wp\/v2\/media\/8417"}],"wp:attachment":[{"href":"https:\/\/stilnovo.trizerolab.it\/de\/wp-json\/wp\/v2\/media?parent=10679"}],"wp:term":[{"taxonomy":"product-category","embeddable":true,"href":"https:\/\/stilnovo.trizerolab.it\/de\/wp-json\/wp\/v2\/product-category?post=10679"}],"curies":[{"name":"wp","href":"https:\/\/api.w.org\/{rel}","templated":true}]}}