{"id":10680,"date":"2025-03-31T08:15:27","date_gmt":"2025-03-31T08:15:27","guid":{"rendered":"https:\/\/www.stilnovo.com\/collection\/all\/topo-2-2"},"modified":"2025-05-06T14:27:44","modified_gmt":"2025-05-06T14:27:44","slug":"topo-2-2","status":"publish","type":"product","link":"https:\/\/stilnovo.trizerolab.it\/de\/collection\/stehleuchte-de\/topo-2-2\/","title":{"rendered":"Topo"},"content":{"rendered":"<p>Topo ist ein Designobjekt mit Retro-Charme, inspiriert von den Sportwagen der 1960er Jahre. Die Schlitze im Metallschirm erinnern an die L\u00fcftungsschlitze von Oldtimern, w\u00e4hrend die Form des Lampenschirms der klassischen E27-Gl\u00fchbirne nachempfunden ist, die wie eine Karosserie den darunter liegenden Motor umh\u00fcllt.<\/p>\n","protected":false},"featured_media":7839,"template":"","product-category":[86],"class_list":["post-10680","product","type-product","status-publish","has-post-thumbnail","hentry","product-category-stehleuchte-de"],"acf":[],"_links":{"self":[{"href":"https:\/\/stilnovo.trizerolab.it\/de\/wp-json\/wp\/v2\/product\/10680","targetHints":{"allow":["GET"]}}],"collection":[{"href":"https:\/\/stilnovo.trizerolab.it\/de\/wp-json\/wp\/v2\/product"}],"about":[{"href":"https:\/\/stilnovo.trizerolab.it\/de\/wp-json\/wp\/v2\/types\/product"}],"wp:featuredmedia":[{"embeddable":true,"href":"https:\/\/stilnovo.trizerolab.it\/de\/wp-json\/wp\/v2\/media\/7839"}],"wp:attachment":[{"href":"https:\/\/stilnovo.trizerolab.it\/de\/wp-json\/wp\/v2\/media?parent=10680"}],"wp:term":[{"taxonomy":"product-category","embeddable":true,"href":"https:\/\/stilnovo.trizerolab.it\/de\/wp-json\/wp\/v2\/product-category?post=10680"}],"curies":[{"name":"wp","href":"https:\/\/api.w.org\/{rel}","templated":true}]}}