{"id":10715,"date":"2025-03-31T08:15:26","date_gmt":"2025-03-31T08:15:26","guid":{"rendered":"https:\/\/www.stilnovo.com\/collection\/all\/luna-3"},"modified":"2025-05-06T14:27:49","modified_gmt":"2025-05-06T14:27:49","slug":"luna-3","status":"publish","type":"product","link":"https:\/\/stilnovo.trizerolab.it\/de\/collection\/stehleuchte-de\/luna-3\/","title":{"rendered":"Luna"},"content":{"rendered":"<p>Die Stehleuchte Luna verk\u00f6rpert zeitlose Eleganz und offenbart eine konische Silhouette, die sich anmutig zur Basis hin verj\u00fcngt \u2013 als w\u00e4re sie vom Wind geformt. Ihre Struktur, zugleich schlicht und raffiniert, scheint zu schweben \u2013 leicht und immateriell \u2013 und trotzt der Schwerkraft mit einer fast \u00e4therischen Balance. Luna besticht durch ihre visuelle Leichtigkeit, die den Raum dezent erhellt und veredelt, ohne jemals aufdringlich zu wirken. Sie f\u00fcgt sich m\u00fchelos sowohl in klassische als auch in moderne Interieurs ein. Ein Lichtobjekt, das die Sch\u00f6nheit der Schlichtheit zelebriert und jedes Detail zu einer stilvollen Geste macht.<\/p>\n","protected":false},"featured_media":5708,"template":"","product-category":[86],"class_list":["post-10715","product","type-product","status-publish","has-post-thumbnail","hentry","product-category-stehleuchte-de"],"acf":[],"_links":{"self":[{"href":"https:\/\/stilnovo.trizerolab.it\/de\/wp-json\/wp\/v2\/product\/10715","targetHints":{"allow":["GET"]}}],"collection":[{"href":"https:\/\/stilnovo.trizerolab.it\/de\/wp-json\/wp\/v2\/product"}],"about":[{"href":"https:\/\/stilnovo.trizerolab.it\/de\/wp-json\/wp\/v2\/types\/product"}],"wp:featuredmedia":[{"embeddable":true,"href":"https:\/\/stilnovo.trizerolab.it\/de\/wp-json\/wp\/v2\/media\/5708"}],"wp:attachment":[{"href":"https:\/\/stilnovo.trizerolab.it\/de\/wp-json\/wp\/v2\/media?parent=10715"}],"wp:term":[{"taxonomy":"product-category","embeddable":true,"href":"https:\/\/stilnovo.trizerolab.it\/de\/wp-json\/wp\/v2\/product-category?post=10715"}],"curies":[{"name":"wp","href":"https:\/\/api.w.org\/{rel}","templated":true}]}}