{"id":10716,"date":"2025-03-31T08:15:26","date_gmt":"2025-03-31T08:15:26","guid":{"rendered":"https:\/\/www.stilnovo.com\/collection\/all\/kimia-2"},"modified":"2025-05-06T14:27:49","modified_gmt":"2025-05-06T14:27:49","slug":"kimia-2","status":"publish","type":"product","link":"https:\/\/stilnovo.trizerolab.it\/de\/collection\/stehleuchte-de\/kimia-2\/","title":{"rendered":"Kimia"},"content":{"rendered":"<p>Die Kimia Lampe definiert die h\u00e4usliche Beleuchtung mit einem essenziellen und funktionalen Design neu. Ihr vollst\u00e4ndig verstellbarer Leuchtk\u00f6rper kann entlang der Stange gedreht und bewegt werden, um allen Bed\u00fcrfnissen gerecht zu werden. Ob sanftes Umgebungslicht oder direkte, fokussierte Beleuchtung zum Lesen \u2013 Kimia bietet unendliche Anpassungsm\u00f6glichkeiten.<\/p>\n","protected":false},"featured_media":7764,"template":"","product-category":[86],"class_list":["post-10716","product","type-product","status-publish","has-post-thumbnail","hentry","product-category-stehleuchte-de"],"acf":[],"_links":{"self":[{"href":"https:\/\/stilnovo.trizerolab.it\/de\/wp-json\/wp\/v2\/product\/10716","targetHints":{"allow":["GET"]}}],"collection":[{"href":"https:\/\/stilnovo.trizerolab.it\/de\/wp-json\/wp\/v2\/product"}],"about":[{"href":"https:\/\/stilnovo.trizerolab.it\/de\/wp-json\/wp\/v2\/types\/product"}],"wp:featuredmedia":[{"embeddable":true,"href":"https:\/\/stilnovo.trizerolab.it\/de\/wp-json\/wp\/v2\/media\/7764"}],"wp:attachment":[{"href":"https:\/\/stilnovo.trizerolab.it\/de\/wp-json\/wp\/v2\/media?parent=10716"}],"wp:term":[{"taxonomy":"product-category","embeddable":true,"href":"https:\/\/stilnovo.trizerolab.it\/de\/wp-json\/wp\/v2\/product-category?post=10716"}],"curies":[{"name":"wp","href":"https:\/\/api.w.org\/{rel}","templated":true}]}}