{"id":10717,"date":"2025-03-31T08:15:25","date_gmt":"2025-03-31T08:15:25","guid":{"rendered":"https:\/\/www.stilnovo.com\/collection\/all\/galassia-4"},"modified":"2025-05-06T14:27:49","modified_gmt":"2025-05-06T14:27:49","slug":"galassia-4","status":"publish","type":"product","link":"https:\/\/stilnovo.trizerolab.it\/de\/collection\/stehleuchte-de\/galassia-4\/","title":{"rendered":"Galassia"},"content":{"rendered":"<p>Die Stehleuchte Galassia verwandelt jeden Raum in eine raffinierte Hommage an die F\u00fcnfzigerjahre \u2013 ein Jahrzehnt, das f\u00fcr Eleganz und Avantgarde steht. Ihre sechs Lichtquellen, eingebettet in kostbares, mundgeblasenes wei\u00dfes Triplex-Glas, verschlingen sich in einer flie\u00dfenden, harmonischen Bewegung und erinnern an die Faszination ferner Galaxien und die Magie des Kosmos. Schlanke Linien und feine Details formen eine skulpturale Silhouette, die sowohl in b\u00fcrgerlichen Salons als auch in moderner Architektur ihren Platz findet.<\/p>\n","protected":false},"featured_media":5653,"template":"","product-category":[86],"class_list":["post-10717","product","type-product","status-publish","has-post-thumbnail","hentry","product-category-stehleuchte-de"],"acf":[],"_links":{"self":[{"href":"https:\/\/stilnovo.trizerolab.it\/de\/wp-json\/wp\/v2\/product\/10717","targetHints":{"allow":["GET"]}}],"collection":[{"href":"https:\/\/stilnovo.trizerolab.it\/de\/wp-json\/wp\/v2\/product"}],"about":[{"href":"https:\/\/stilnovo.trizerolab.it\/de\/wp-json\/wp\/v2\/types\/product"}],"wp:featuredmedia":[{"embeddable":true,"href":"https:\/\/stilnovo.trizerolab.it\/de\/wp-json\/wp\/v2\/media\/5653"}],"wp:attachment":[{"href":"https:\/\/stilnovo.trizerolab.it\/de\/wp-json\/wp\/v2\/media?parent=10717"}],"wp:term":[{"taxonomy":"product-category","embeddable":true,"href":"https:\/\/stilnovo.trizerolab.it\/de\/wp-json\/wp\/v2\/product-category?post=10717"}],"curies":[{"name":"wp","href":"https:\/\/api.w.org\/{rel}","templated":true}]}}