{"id":10722,"date":"2025-03-31T08:15:24","date_gmt":"2025-03-31T08:15:24","guid":{"rendered":"https:\/\/www.stilnovo.com\/collection\/all\/buonanotte-2"},"modified":"2025-05-06T14:27:54","modified_gmt":"2025-05-06T14:27:54","slug":"buonanotte-2","status":"publish","type":"product","link":"https:\/\/stilnovo.trizerolab.it\/de\/collection\/tisch-de\/buonanotte-2\/","title":{"rendered":"Buonanotte"},"content":{"rendered":"<p>Buonanotte ist eine Lampe mit einem verspielten und innovativen Ansatz, die es erm\u00f6glicht, die Lichtintensit\u00e4t mit einer einfachen Geste zu ver\u00e4ndern. Die beiden verstellbaren Metall-Viertelplatten, die leicht \u00fcber den sph\u00e4rischen Diffusor bewegt werden, steuern den Lichtstrahl und machen die Lampe perfekt, um die ideale Atmosph\u00e4re f\u00fcr jeden Moment zu schaffen. Ein Design, das Beleuchtung in ein Spiel von Licht und Schatten verwandelt.<\/p>\n","protected":false},"featured_media":8492,"template":"","product-category":[90],"class_list":["post-10722","product","type-product","status-publish","has-post-thumbnail","hentry","product-category-tisch-de"],"acf":[],"_links":{"self":[{"href":"https:\/\/stilnovo.trizerolab.it\/de\/wp-json\/wp\/v2\/product\/10722","targetHints":{"allow":["GET"]}}],"collection":[{"href":"https:\/\/stilnovo.trizerolab.it\/de\/wp-json\/wp\/v2\/product"}],"about":[{"href":"https:\/\/stilnovo.trizerolab.it\/de\/wp-json\/wp\/v2\/types\/product"}],"wp:featuredmedia":[{"embeddable":true,"href":"https:\/\/stilnovo.trizerolab.it\/de\/wp-json\/wp\/v2\/media\/8492"}],"wp:attachment":[{"href":"https:\/\/stilnovo.trizerolab.it\/de\/wp-json\/wp\/v2\/media?parent=10722"}],"wp:term":[{"taxonomy":"product-category","embeddable":true,"href":"https:\/\/stilnovo.trizerolab.it\/de\/wp-json\/wp\/v2\/product-category?post=10722"}],"curies":[{"name":"wp","href":"https:\/\/api.w.org\/{rel}","templated":true}]}}