{"id":10754,"date":"2025-03-31T08:15:24","date_gmt":"2025-03-31T08:15:24","guid":{"rendered":"https:\/\/www.stilnovo.com\/collection\/all\/minitopo-2"},"modified":"2025-05-06T14:27:54","modified_gmt":"2025-05-06T14:27:54","slug":"minitopo-2","status":"publish","type":"product","link":"https:\/\/stilnovo.trizerolab.it\/de\/collection\/tisch-de\/minitopo-2\/","title":{"rendered":"Minitopo"},"content":{"rendered":"<p>Minitopo ist eine Lampe, die die Eleganz des Automobildesigns der 1960er Jahre verk\u00f6rpert. Die Schlitze im Lampenschirm erinnern an die Lufteinl\u00e4sse von Sportwagen, w\u00e4hrend der Schirm die E27-Gl\u00fchbirne umschlie\u00dft und eine Verbindung zwischen Industriedesign und Beleuchtung schafft. Das Ergebnis ist eine einzigartige Lampe mit einem unverwechselbaren und ironischen Charakter, dessen Name auf eine Form anspielt, die an eine Maus erinnert.<\/p>\n","protected":false},"featured_media":8462,"template":"","product-category":[90],"class_list":["post-10754","product","type-product","status-publish","has-post-thumbnail","hentry","product-category-tisch-de"],"acf":[],"_links":{"self":[{"href":"https:\/\/stilnovo.trizerolab.it\/de\/wp-json\/wp\/v2\/product\/10754","targetHints":{"allow":["GET"]}}],"collection":[{"href":"https:\/\/stilnovo.trizerolab.it\/de\/wp-json\/wp\/v2\/product"}],"about":[{"href":"https:\/\/stilnovo.trizerolab.it\/de\/wp-json\/wp\/v2\/types\/product"}],"wp:featuredmedia":[{"embeddable":true,"href":"https:\/\/stilnovo.trizerolab.it\/de\/wp-json\/wp\/v2\/media\/8462"}],"wp:attachment":[{"href":"https:\/\/stilnovo.trizerolab.it\/de\/wp-json\/wp\/v2\/media?parent=10754"}],"wp:term":[{"taxonomy":"product-category","embeddable":true,"href":"https:\/\/stilnovo.trizerolab.it\/de\/wp-json\/wp\/v2\/product-category?post=10754"}],"curies":[{"name":"wp","href":"https:\/\/api.w.org\/{rel}","templated":true}]}}