{"id":10755,"date":"2025-03-31T08:15:24","date_gmt":"2025-03-31T08:15:24","guid":{"rendered":"https:\/\/www.stilnovo.com\/collection\/all\/megafono-4"},"modified":"2025-05-06T14:27:54","modified_gmt":"2025-05-06T14:27:54","slug":"megafono-4","status":"publish","type":"product","link":"https:\/\/stilnovo.trizerolab.it\/de\/collection\/tisch-de\/megafono-4\/","title":{"rendered":"Megafono"},"content":{"rendered":"<p>Megafono, entworfen im Jahr 1958 von Stilnovo, ist ein zeitloses Symbol f\u00fcr das Design der F\u00fcnfzigerjahre. Mit seinen eleganten Linien und edlen Materialien begeistert diese Lampe durch ihren unverg\u00e4nglichen Charme.<\/p>\n","protected":false},"featured_media":5428,"template":"","product-category":[90],"class_list":["post-10755","product","type-product","status-publish","has-post-thumbnail","hentry","product-category-tisch-de"],"acf":[],"_links":{"self":[{"href":"https:\/\/stilnovo.trizerolab.it\/de\/wp-json\/wp\/v2\/product\/10755","targetHints":{"allow":["GET"]}}],"collection":[{"href":"https:\/\/stilnovo.trizerolab.it\/de\/wp-json\/wp\/v2\/product"}],"about":[{"href":"https:\/\/stilnovo.trizerolab.it\/de\/wp-json\/wp\/v2\/types\/product"}],"wp:featuredmedia":[{"embeddable":true,"href":"https:\/\/stilnovo.trizerolab.it\/de\/wp-json\/wp\/v2\/media\/5428"}],"wp:attachment":[{"href":"https:\/\/stilnovo.trizerolab.it\/de\/wp-json\/wp\/v2\/media?parent=10755"}],"wp:term":[{"taxonomy":"product-category","embeddable":true,"href":"https:\/\/stilnovo.trizerolab.it\/de\/wp-json\/wp\/v2\/product-category?post=10755"}],"curies":[{"name":"wp","href":"https:\/\/api.w.org\/{rel}","templated":true}]}}