{"id":10757,"date":"2025-03-31T08:15:23","date_gmt":"2025-03-31T08:15:23","guid":{"rendered":"https:\/\/www.stilnovo.com\/collection\/all\/minibox-3"},"modified":"2025-05-06T14:27:54","modified_gmt":"2025-05-06T14:27:54","slug":"minibox-3","status":"publish","type":"product","link":"https:\/\/stilnovo.trizerolab.it\/de\/collection\/tisch-de\/minibox-3\/","title":{"rendered":"Minibox"},"content":{"rendered":"<p>Die Tischlampe Minibox, 1981 entworfen, ist ein Meisterwerk des funktionalen und ironischen Designs, entstanden aus der Zusammenarbeit zweier gro\u00dfer Namen des italienischen Designs: Gae Aulenti und Piero Castiglioni. Ein Objekt von seltener gestalterischer Intelligenz, das technische Strenge mit spielerischer Leichtigkeit verbindet und das Thema der Arbeitsleuchte neu interpretiert. Eine kultivierte und vielseitige Ikone, die eine neue h\u00e4usliche Vision zwischen Funktionalit\u00e4t und Erz\u00e4hlung vermittelt.<\/p>\n","protected":false},"featured_media":5368,"template":"","product-category":[90],"class_list":["post-10757","product","type-product","status-publish","has-post-thumbnail","hentry","product-category-tisch-de"],"acf":[],"_links":{"self":[{"href":"https:\/\/stilnovo.trizerolab.it\/de\/wp-json\/wp\/v2\/product\/10757","targetHints":{"allow":["GET"]}}],"collection":[{"href":"https:\/\/stilnovo.trizerolab.it\/de\/wp-json\/wp\/v2\/product"}],"about":[{"href":"https:\/\/stilnovo.trizerolab.it\/de\/wp-json\/wp\/v2\/types\/product"}],"wp:featuredmedia":[{"embeddable":true,"href":"https:\/\/stilnovo.trizerolab.it\/de\/wp-json\/wp\/v2\/media\/5368"}],"wp:attachment":[{"href":"https:\/\/stilnovo.trizerolab.it\/de\/wp-json\/wp\/v2\/media?parent=10757"}],"wp:term":[{"taxonomy":"product-category","embeddable":true,"href":"https:\/\/stilnovo.trizerolab.it\/de\/wp-json\/wp\/v2\/product-category?post=10757"}],"curies":[{"name":"wp","href":"https:\/\/api.w.org\/{rel}","templated":true}]}}