{"id":10775,"date":"2025-03-31T08:15:22","date_gmt":"2025-03-31T08:15:22","guid":{"rendered":"https:\/\/www.stilnovo.com\/collection\/all\/bugia-3"},"modified":"2025-05-06T14:27:58","modified_gmt":"2025-05-06T14:27:58","slug":"bugia-3","status":"publish","type":"product","link":"https:\/\/stilnovo.trizerolab.it\/de\/collection\/tisch-de\/bugia-3\/","title":{"rendered":"Bugia"},"content":{"rendered":"<p>Die Tischlampe Bugia, 1977 von Roberto Beretta und Antonio Macchi Cassia entworfen, ist eine feinsinnige Verk\u00f6rperung von Schlichtheit und Einfallsreichtum. Ihr schlichtes und zugleich ansprechendes Design ist von den traditionellen Kerzenhaltern mit Henkel inspiriert \u2013 Objekte voller Erinnerungen und h\u00e4uslicher Rituale. Bugia interpretiert mit zeitgen\u00f6ssischer Sensibilit\u00e4t ein archetypisches Element der Alltagskultur neu und verwandelt es in ein leuchtendes Objekt, das Funktion und Poesie vereint \u2013 f\u00fcr jene, die die stille Poesie allt\u00e4glicher Gesten zu sch\u00e4tzen wissen.<\/p>\n","protected":false},"featured_media":8056,"template":"","product-category":[90],"class_list":["post-10775","product","type-product","status-publish","has-post-thumbnail","hentry","product-category-tisch-de"],"acf":[],"_links":{"self":[{"href":"https:\/\/stilnovo.trizerolab.it\/de\/wp-json\/wp\/v2\/product\/10775","targetHints":{"allow":["GET"]}}],"collection":[{"href":"https:\/\/stilnovo.trizerolab.it\/de\/wp-json\/wp\/v2\/product"}],"about":[{"href":"https:\/\/stilnovo.trizerolab.it\/de\/wp-json\/wp\/v2\/types\/product"}],"wp:featuredmedia":[{"embeddable":true,"href":"https:\/\/stilnovo.trizerolab.it\/de\/wp-json\/wp\/v2\/media\/8056"}],"wp:attachment":[{"href":"https:\/\/stilnovo.trizerolab.it\/de\/wp-json\/wp\/v2\/media?parent=10775"}],"wp:term":[{"taxonomy":"product-category","embeddable":true,"href":"https:\/\/stilnovo.trizerolab.it\/de\/wp-json\/wp\/v2\/product-category?post=10775"}],"curies":[{"name":"wp","href":"https:\/\/api.w.org\/{rel}","templated":true}]}}