{"id":10776,"date":"2025-03-31T08:15:22","date_gmt":"2025-03-31T08:15:22","guid":{"rendered":"https:\/\/www.stilnovo.com\/collection\/all\/periscopio-3"},"modified":"2025-05-06T14:27:58","modified_gmt":"2025-05-06T14:27:58","slug":"periscopio-3","status":"publish","type":"product","link":"https:\/\/stilnovo.trizerolab.it\/de\/collection\/tisch-de\/periscopio-3\/","title":{"rendered":"Periscopio"},"content":{"rendered":"<p>Die Tischlampe Periscopio, entworfen im Jahr 1967 w\u00e4hrend der goldenen \u00c4ra des \u201eSpace Age\u201c, gilt als eine der authentischsten Ausdrucksformen jener Zeit, gepr\u00e4gt von Innovationsgeist und vision\u00e4rer Kraft. Inspiriert von der Faszination f\u00fcr die Raumfahrt, verk\u00f6rpert Periscopio formale Strenge und eine schlichte \u00c4sthetik, die Zeit und Trends \u00fcberdauert. Als emblematisches Objekt unserer Tradition vereint sie meisterhaft Funktion und industrielle Poesie und bewahrt ihre F\u00e4higkeit, mit den edelsten Interieurs und mit jenen zu kommunizieren, die den wahren Wert gestalterischer Forschung zu sch\u00e4tzen wissen.<\/p>\n","protected":false},"featured_media":5163,"template":"","product-category":[90],"class_list":["post-10776","product","type-product","status-publish","has-post-thumbnail","hentry","product-category-tisch-de"],"acf":[],"_links":{"self":[{"href":"https:\/\/stilnovo.trizerolab.it\/de\/wp-json\/wp\/v2\/product\/10776","targetHints":{"allow":["GET"]}}],"collection":[{"href":"https:\/\/stilnovo.trizerolab.it\/de\/wp-json\/wp\/v2\/product"}],"about":[{"href":"https:\/\/stilnovo.trizerolab.it\/de\/wp-json\/wp\/v2\/types\/product"}],"wp:featuredmedia":[{"embeddable":true,"href":"https:\/\/stilnovo.trizerolab.it\/de\/wp-json\/wp\/v2\/media\/5163"}],"wp:attachment":[{"href":"https:\/\/stilnovo.trizerolab.it\/de\/wp-json\/wp\/v2\/media?parent=10776"}],"wp:term":[{"taxonomy":"product-category","embeddable":true,"href":"https:\/\/stilnovo.trizerolab.it\/de\/wp-json\/wp\/v2\/product-category?post=10776"}],"curies":[{"name":"wp","href":"https:\/\/api.w.org\/{rel}","templated":true}]}}