{"id":10778,"date":"2025-03-31T08:15:22","date_gmt":"2025-03-31T08:15:22","guid":{"rendered":"https:\/\/www.stilnovo.com\/collection\/all\/torino-2"},"modified":"2025-05-06T14:27:58","modified_gmt":"2025-05-06T14:27:58","slug":"torino-2","status":"publish","type":"product","link":"https:\/\/stilnovo.trizerolab.it\/de\/collection\/tisch-de\/torino-2\/","title":{"rendered":"Torino"},"content":{"rendered":"<p>Torino ist das perfekte Zusammenspiel aus Stil, Eleganz und Vielseitigkeit. Sie passt sich jeder Umgebung an, von beruflich bis h\u00e4uslich. Ideal f\u00fcr Tische, Schreibtische, Regale oder Wandinstallationen. Die Lampe zeichnet sich durch ihre raffinierte Silhouette und ihren Gelenkarm mit ausrichtbarem Kopf aus, der mit Touchdimmer ausgestattet ist. Je nach Wunsch kann sie mit der soliden runden Basis, der Klemme oder der Wandhalterung kombiniert werden. Sie ist vollst\u00e4ndig anpassbar und in sechs Ausf\u00fchrungen erh\u00e4ltlich, die in ein- oder zweifarbigen Konfigurationen kombiniert werden k\u00f6nnen.<\/p>\n","protected":false},"featured_media":7629,"template":"","product-category":[94,90],"class_list":["post-10778","product","type-product","status-publish","has-post-thumbnail","hentry","product-category-new-in-de","product-category-tisch-de"],"acf":[],"_links":{"self":[{"href":"https:\/\/stilnovo.trizerolab.it\/de\/wp-json\/wp\/v2\/product\/10778","targetHints":{"allow":["GET"]}}],"collection":[{"href":"https:\/\/stilnovo.trizerolab.it\/de\/wp-json\/wp\/v2\/product"}],"about":[{"href":"https:\/\/stilnovo.trizerolab.it\/de\/wp-json\/wp\/v2\/types\/product"}],"wp:featuredmedia":[{"embeddable":true,"href":"https:\/\/stilnovo.trizerolab.it\/de\/wp-json\/wp\/v2\/media\/7629"}],"wp:attachment":[{"href":"https:\/\/stilnovo.trizerolab.it\/de\/wp-json\/wp\/v2\/media?parent=10778"}],"wp:term":[{"taxonomy":"product-category","embeddable":true,"href":"https:\/\/stilnovo.trizerolab.it\/de\/wp-json\/wp\/v2\/product-category?post=10778"}],"curies":[{"name":"wp","href":"https:\/\/api.w.org\/{rel}","templated":true}]}}