{"id":3189,"date":"2024-10-07T10:27:32","date_gmt":"2024-10-07T10:27:32","guid":{"rendered":"https:\/\/www.stilnovo.com\/homepage\/"},"modified":"2025-05-27T07:23:03","modified_gmt":"2025-05-27T07:23:03","slug":"homepage","status":"publish","type":"page","link":"https:\/\/stilnovo.trizerolab.it\/es\/","title":{"rendered":"Homepage"},"content":{"rendered":"\t<section class=\"wp-block-slider-gallery relative slider-gallery\">\n\t\t<div class=\"swiper swiper-gallery\">\n\t\t\t<div class=\"swiper-wrapper\">\n\t\t\t\t\t\t\t\t\t\t\t\t\t\t\t<div class=\"swiper-slide flex justify-center items-center\">\n\t\t\t\t\t\t\t<div class=\"_container w-full\">\n\t\t\t\t\t\t\t\t\t\t\t\t\t\t\t\t\t<a href=\"https:\/\/www.stilnovo.com\/es\/3daysofdesign-2025-copenhague-stilnovo\/\" target=\"\" class=\"no-underline\">\n\t\t\t\t\t\t\t\t\t\t\t\t\t\t\t\t\t<div class=\"slider-image relative m-0 object-cover object-center h-full rounded-3xl aspect-[0.8]\">\n\t\t\t\t\t\t\t\t\t\t<img decoding=\"async\" src=\"https:\/\/stilnovo.trizerolab.it\/wp-content\/uploads\/2025\/05\/stilnovo-three-days-of-design-Honey-scaled.jpg\" class=\"m-0 h-full w-full object-cover\">\n\t\t\t\t\t\t\t\t\t<\/div>\n\t\t\t\t\t\t\t\t\t\t\t\t\t\t\t\t\t\t\t<div class=\"content mt-5 lg:mt-auto px-4 md:px-5 lg:pb-10 md:pr-[20%] lg:pr-[30%] lg:absolute bottom-0 left-0 right-0 flex flex-col gap-3 md:gap-6 text-black lg:text-white lg:bg-black-fade-b\">\n\t\t\t\t\t\t\t\t\t\t\t<div class=\"title mt-0 lg:mt-[3.333333vw] xl:mt-16\">\n\t\t\t\t\t\t\t\t\t\t\t\t<p class=\"m-0 font-heading text-md md:text-lg\">3daysofdesign 2025 &#8211; Copenhague<\/p>\n\t\t\t\t\t\t\t\t\t\t\t<\/div>\n\t\t\t\t\t\t\t\t\t\t\t\t\t\t\t\t\t\t\t\t\t\t\t<div class=\"subtitle\">\n\t\t\t\t\t\t\t\t\t\t\t\t\t<p class=\"m-0\">Del 18 al 20 de junio, Stilnovo presenta Honey y Torino, en exposici\u00f3n en el elegante Odd Fellow Palace de Copenhague.<\/p>\n\t\t\t\t\t\t\t\t\t\t\t\t<\/div>\n\t\t\t\t\t\t\t\t\t\t\t\t\t\t\t\t\t\t\t\t\t<\/div>\n\t\t\t\t\t\t\t\t\t\t\t\t\t\t\t\t\t\t\t\t\t\t\t\t\t\t<\/a>\n\t\t\t\t\t\t\t\t\t\t\t\t\t\t\t<\/div>\n\t\t\t\t\t\t<\/div>\n\t\t\t\t\t\t\t\t\t\t\t<div class=\"swiper-slide flex justify-center items-center\">\n\t\t\t\t\t\t\t<div class=\"_container w-full\">\n\t\t\t\t\t\t\t\t\t\t\t\t\t\t\t\t\t<a href=\"https:\/\/www.stilnovo.com\/es\/halley-20th-anniversary\/\" target=\"\" class=\"no-underline\">\n\t\t\t\t\t\t\t\t\t\t\t\t\t\t\t\t\t<div class=\"slider-image relative m-0 object-cover object-center h-full rounded-3xl aspect-[0.8]\">\n\t\t\t\t\t\t\t\t\t\t<img decoding=\"async\" src=\"https:\/\/stilnovo.trizerolab.it\/wp-content\/uploads\/2025\/03\/Stilnovo_Halley.webp\" class=\"m-0 h-full w-full object-cover\">\n\t\t\t\t\t\t\t\t\t<\/div>\n\t\t\t\t\t\t\t\t\t\t\t\t\t\t\t\t\t\t\t<div class=\"content mt-5 lg:mt-auto px-4 md:px-5 lg:pb-10 md:pr-[20%] lg:pr-[30%] lg:absolute bottom-0 left-0 right-0 flex flex-col gap-3 md:gap-6 text-black lg:text-white lg:bg-black-fade-b\">\n\t\t\t\t\t\t\t\t\t\t\t<div class=\"title mt-0 lg:mt-[3.333333vw] xl:mt-16\">\n\t\t\t\t\t\t\t\t\t\t\t\t<p class=\"m-0 font-heading text-md md:text-lg\">Halley 20th Anniversary<\/p>\n\t\t\t\t\t\t\t\t\t\t\t<\/div>\n\t\t\t\t\t\t\t\t\t\t\t\t\t\t\t\t\t\t\t\t\t\t\t<div class=\"subtitle\">\n\t\t\t\t\t\t\t\t\t\t\t\t\t<p class=\"m-0\">Halley no es solo una l\u00e1mpara; es un \u00edcono del dise\u00f1o industrial. Dise\u00f1ada en 2005 por Richard Sapper, representa innovaci\u00f3n y funcionalidad.<\/p>\n\t\t\t\t\t\t\t\t\t\t\t\t<\/div>\n\t\t\t\t\t\t\t\t\t\t\t\t\t\t\t\t\t\t\t\t\t<\/div>\n\t\t\t\t\t\t\t\t\t\t\t\t\t\t\t\t\t\t\t\t\t\t\t\t\t\t<\/a>\n\t\t\t\t\t\t\t\t\t\t\t\t\t\t\t<\/div>\n\t\t\t\t\t\t<\/div>\n\t\t\t\t\t\t\t\t\t\t\t\t\t\t\t\t\t<\/div>\n\t\t<\/div>\n\t\t\t\t<div class=\"swiper-controls flex justify-between px-2 md:px-6 items-center w-full absolute withContent\">\n\t\t\t<div class=\"swiper-btn swiper-button-prev\"><\/div>\n\t\t\t<div class=\"swiper-btn swiper-button-next\"><\/div>\n\t\t<\/div>\n\t<\/section>\n\n\n\n<div class=\"wp-block-group full-para mb-10 md:mb-20\"><div class=\"wp-block-group__inner-container is-layout-constrained wp-block-group-is-layout-constrained\">\n<h1 class=\"wp-block-heading font-body text-regular\">Stilnovo, dise\u00f1o de iluminaci\u00f3n italiano desde 1946.<\/h1>  \n<p class=\"font-body text-regular\">Desde los a\u00f1os 40 hasta los 80, hicimos historia en la iluminaci\u00f3n gracias a la intuici\u00f3n y a colaboraciones con los dise\u00f1adores m\u00e1s importantes, manteniendo una oferta de productos de iluminaci\u00f3n de alt\u00edsima calidad. Gracias a su know-how productivo, Stilnovo fusiona artesan\u00eda e industrializaci\u00f3n, encarnando el savoir-faire italiano y dando vida a colecciones atemporales capaces de formar parte de los proyectos m\u00e1s prestigiosos.<\/p>\n<\/div><\/div>\n\n\n\n    <section class=\"card-grid-section relative list-card my-20\">\n        <div class=\"grid grid-cols-12 gap-y-5 gap-x-4 w-full\">\n                                <div class=\"col-span-12 md:col-span-6 lg:col-span-3\">\n                        <div class=\"overflow-hidden flex flex-col\">\n                            <a href=\"https:\/\/stilnovo.trizerolab.it\/es\/collection\/sospensione\/\" title=\"Sospensione\" target=\"\" class=\"card-image aspect-[0.8] mb-2.5\">\n                                <img decoding=\"async\" src=\"https:\/\/stilnovo.trizerolab.it\/wp-content\/uploads\/2025\/03\/Saliscendi-01_featured.webp\" alt=\"\" class=\"w-full h-full object-cover object-center m-0\">\n                            <\/a>\n                            <div class=\"text-center\">\n                                <p class=\"text-black m-0 font-bold\">Suspension<\/p>\n                                                            <\/div>\n                        <\/div>\n                    <\/div>\n                                                <div class=\"col-span-12 md:col-span-6 lg:col-span-3\">\n                        <div class=\"overflow-hidden flex flex-col\">\n                            <a href=\"https:\/\/stilnovo.trizerolab.it\/es\/collection\/tavolo\/\" title=\"Tavolo\" target=\"\" class=\"card-image aspect-[0.8] mb-2.5\">\n                                <img decoding=\"async\" src=\"https:\/\/stilnovo.trizerolab.it\/wp-content\/uploads\/2024\/11\/table-teaser-homepage.webp\" alt=\"\" class=\"w-full h-full object-cover object-center m-0\">\n                            <\/a>\n                            <div class=\"text-center\">\n                                <p class=\"text-black m-0 font-bold\">Table<\/p>\n                                                            <\/div>\n                        <\/div>\n                    <\/div>\n                                                <div class=\"col-span-12 md:col-span-6 lg:col-span-3\">\n                        <div class=\"overflow-hidden flex flex-col\">\n                            <a href=\"https:\/\/stilnovo.trizerolab.it\/es\/collection\/terra\/\" title=\"Terra\" target=\"\" class=\"card-image aspect-[0.8] mb-2.5\">\n                                <img decoding=\"async\" src=\"https:\/\/stilnovo.trizerolab.it\/wp-content\/uploads\/2025\/03\/Diphy-03_featured.webp\" alt=\"\" class=\"w-full h-full object-cover object-center m-0\">\n                            <\/a>\n                            <div class=\"text-center\">\n                                <p class=\"text-black m-0 font-bold\">Floor<\/p>\n                                                            <\/div>\n                        <\/div>\n                    <\/div>\n                                                <div class=\"col-span-12 md:col-span-6 lg:col-span-3\">\n                        <div class=\"overflow-hidden flex flex-col\">\n                            <a href=\"https:\/\/stilnovo.trizerolab.it\/es\/collection\/parete-soffitto\/\" title=\"Parete\/Soffitto\" target=\"\" class=\"card-image aspect-[0.8] mb-2.5\">\n                                <img decoding=\"async\" src=\"https:\/\/stilnovo.trizerolab.it\/wp-content\/uploads\/2025\/02\/Galassia-Wall-Lamp-Stilnovo-1.webp\" alt=\"\" class=\"w-full h-full object-cover object-center m-0\">\n                            <\/a>\n                            <div class=\"text-center\">\n                                <p class=\"text-black m-0 font-bold\">Wall \/ Ceiling<\/p>\n                                                            <\/div>\n                        <\/div>\n                    <\/div>\n                                    <\/div>\n    <\/section>\n","protected":false},"excerpt":{"rendered":"<p>Stilnovo, dise\u00f1o de iluminaci\u00f3n italiano desde 1946. Desde los a\u00f1os 40 hasta los 80, hicimos historia en la iluminaci\u00f3n gracias a la intuici\u00f3n y a colaboraciones con los dise\u00f1adores m\u00e1s importantes, manteniendo una oferta de productos de iluminaci\u00f3n de alt\u00edsima calidad. Gracias a su know-how productivo, Stilnovo fusiona artesan\u00eda e industrializaci\u00f3n, encarnando el savoir-faire italiano [&hellip;]<\/p>\n","protected":false},"author":2,"featured_media":0,"parent":0,"menu_order":0,"comment_status":"closed","ping_status":"closed","template":"","meta":{"_acf_changed":false,"footnotes":""},"class_list":["post-3189","page","type-page","status-publish","hentry"],"acf":[],"_links":{"self":[{"href":"https:\/\/stilnovo.trizerolab.it\/es\/wp-json\/wp\/v2\/pages\/3189","targetHints":{"allow":["GET"]}}],"collection":[{"href":"https:\/\/stilnovo.trizerolab.it\/es\/wp-json\/wp\/v2\/pages"}],"about":[{"href":"https:\/\/stilnovo.trizerolab.it\/es\/wp-json\/wp\/v2\/types\/page"}],"author":[{"embeddable":true,"href":"https:\/\/stilnovo.trizerolab.it\/es\/wp-json\/wp\/v2\/users\/2"}],"replies":[{"embeddable":true,"href":"https:\/\/stilnovo.trizerolab.it\/es\/wp-json\/wp\/v2\/comments?post=3189"}],"version-history":[{"count":16,"href":"https:\/\/stilnovo.trizerolab.it\/es\/wp-json\/wp\/v2\/pages\/3189\/revisions"}],"predecessor-version":[{"id":11084,"href":"https:\/\/stilnovo.trizerolab.it\/es\/wp-json\/wp\/v2\/pages\/3189\/revisions\/11084"}],"wp:attachment":[{"href":"https:\/\/stilnovo.trizerolab.it\/es\/wp-json\/wp\/v2\/media?parent=3189"}],"curies":[{"name":"wp","href":"https:\/\/api.w.org\/{rel}","templated":true}]}}