{"id":10493,"date":"2025-03-31T08:15:36","date_gmt":"2025-03-31T08:15:36","guid":{"rendered":"https:\/\/www.stilnovo.com\/collection\/all\/1night-2nights-2"},"modified":"2025-05-06T14:27:22","modified_gmt":"2025-05-06T14:27:22","slug":"1night-2nights-2","status":"publish","type":"product","link":"https:\/\/stilnovo.trizerolab.it\/es\/collection\/pared-techo-es\/1night-2nights-2\/","title":{"rendered":"1night 2nights"},"content":{"rendered":"<p>1Night es mucho m\u00e1s que una simple l\u00e1mpara: es un sofisticado objeto de dise\u00f1o que fusiona est\u00e9tica y tecnolog\u00eda. Su cilindro rotatorio y orientable proporciona una iluminaci\u00f3n precisa y confortable, perfecta para el cabecero de la cama o un rinc\u00f3n de lectura con estilo.<\/p>\n","protected":false},"featured_media":7189,"template":"","product-category":[75],"class_list":["post-10493","product","type-product","status-publish","has-post-thumbnail","hentry","product-category-pared-techo-es"],"acf":[],"_links":{"self":[{"href":"https:\/\/stilnovo.trizerolab.it\/es\/wp-json\/wp\/v2\/product\/10493","targetHints":{"allow":["GET"]}}],"collection":[{"href":"https:\/\/stilnovo.trizerolab.it\/es\/wp-json\/wp\/v2\/product"}],"about":[{"href":"https:\/\/stilnovo.trizerolab.it\/es\/wp-json\/wp\/v2\/types\/product"}],"wp:featuredmedia":[{"embeddable":true,"href":"https:\/\/stilnovo.trizerolab.it\/es\/wp-json\/wp\/v2\/media\/7189"}],"wp:attachment":[{"href":"https:\/\/stilnovo.trizerolab.it\/es\/wp-json\/wp\/v2\/media?parent=10493"}],"wp:term":[{"taxonomy":"product-category","embeddable":true,"href":"https:\/\/stilnovo.trizerolab.it\/es\/wp-json\/wp\/v2\/product-category?post=10493"}],"curies":[{"name":"wp","href":"https:\/\/api.w.org\/{rel}","templated":true}]}}