{"id":10494,"date":"2025-03-31T08:15:36","date_gmt":"2025-03-31T08:15:36","guid":{"rendered":"https:\/\/www.stilnovo.com\/collection\/all\/xilema-system-2"},"modified":"2025-05-06T14:27:22","modified_gmt":"2025-05-06T14:27:22","slug":"xilema-system-2","status":"publish","type":"product","link":"https:\/\/stilnovo.trizerolab.it\/es\/collection\/pared-techo-es\/xilema-system-2\/","title":{"rendered":"Xilema System"},"content":{"rendered":"<p>Xilema System redefine la modularidad en la iluminaci\u00f3n. Su dise\u00f1o permite crear geometr\u00edas luminosas fluidas y continuas, adapt\u00e1ndose naturalmente a cualquier superficie, ya sea vertical, horizontal o inclinada.<\/p>\n","protected":false},"featured_media":7159,"template":"","product-category":[75],"class_list":["post-10494","product","type-product","status-publish","has-post-thumbnail","hentry","product-category-pared-techo-es"],"acf":[],"_links":{"self":[{"href":"https:\/\/stilnovo.trizerolab.it\/es\/wp-json\/wp\/v2\/product\/10494","targetHints":{"allow":["GET"]}}],"collection":[{"href":"https:\/\/stilnovo.trizerolab.it\/es\/wp-json\/wp\/v2\/product"}],"about":[{"href":"https:\/\/stilnovo.trizerolab.it\/es\/wp-json\/wp\/v2\/types\/product"}],"wp:featuredmedia":[{"embeddable":true,"href":"https:\/\/stilnovo.trizerolab.it\/es\/wp-json\/wp\/v2\/media\/7159"}],"wp:attachment":[{"href":"https:\/\/stilnovo.trizerolab.it\/es\/wp-json\/wp\/v2\/media?parent=10494"}],"wp:term":[{"taxonomy":"product-category","embeddable":true,"href":"https:\/\/stilnovo.trizerolab.it\/es\/wp-json\/wp\/v2\/product-category?post=10494"}],"curies":[{"name":"wp","href":"https:\/\/api.w.org\/{rel}","templated":true}]}}