{"id":10497,"date":"2025-03-31T08:15:35","date_gmt":"2025-03-31T08:15:35","guid":{"rendered":"https:\/\/www.stilnovo.com\/collection\/all\/tablet-3-2"},"modified":"2025-05-06T14:27:22","modified_gmt":"2025-05-06T14:27:22","slug":"tablet-3-2","status":"publish","type":"product","link":"https:\/\/stilnovo.trizerolab.it\/es\/collection\/pared-techo-es\/tablet-3-2\/","title":{"rendered":"Tablet"},"content":{"rendered":"<p>Tablet encarna el equilibrio perfecto entre rigor formal y versatilidad lum\u00ednica. Un dise\u00f1o minimalista, marcado por un marco rectangular esencial, encierra un alma din\u00e1mica: los m\u00f3dulos orientables se mueven casi libremente sobre su eje, permitiendo una iluminaci\u00f3n directa, indirecta o combinada, en un refinado juego de reflejos y sombras.<\/p>\n","protected":false},"featured_media":7074,"template":"","product-category":[75],"class_list":["post-10497","product","type-product","status-publish","has-post-thumbnail","hentry","product-category-pared-techo-es"],"acf":[],"_links":{"self":[{"href":"https:\/\/stilnovo.trizerolab.it\/es\/wp-json\/wp\/v2\/product\/10497","targetHints":{"allow":["GET"]}}],"collection":[{"href":"https:\/\/stilnovo.trizerolab.it\/es\/wp-json\/wp\/v2\/product"}],"about":[{"href":"https:\/\/stilnovo.trizerolab.it\/es\/wp-json\/wp\/v2\/types\/product"}],"wp:featuredmedia":[{"embeddable":true,"href":"https:\/\/stilnovo.trizerolab.it\/es\/wp-json\/wp\/v2\/media\/7074"}],"wp:attachment":[{"href":"https:\/\/stilnovo.trizerolab.it\/es\/wp-json\/wp\/v2\/media?parent=10497"}],"wp:term":[{"taxonomy":"product-category","embeddable":true,"href":"https:\/\/stilnovo.trizerolab.it\/es\/wp-json\/wp\/v2\/product-category?post=10497"}],"curies":[{"name":"wp","href":"https:\/\/api.w.org\/{rel}","templated":true}]}}