{"id":10498,"date":"2025-03-31T08:15:35","date_gmt":"2025-03-31T08:15:35","guid":{"rendered":"https:\/\/www.stilnovo.com\/collection\/all\/saturn-2-2"},"modified":"2025-05-06T14:27:22","modified_gmt":"2025-05-06T14:27:22","slug":"saturn-2-2","status":"publish","type":"product","link":"https:\/\/stilnovo.trizerolab.it\/es\/collection\/pared-techo-es\/saturn-2-2\/","title":{"rendered":"Saturn"},"content":{"rendered":"<p>Saturn es un anillo de luz pura que redefine los espacios con su presencia escult\u00f3rica. Disponible en dos di\u00e1metros, realza los interiores contempor\u00e1neos con una iluminaci\u00f3n uniforme y de alto rendimiento.<\/p>\n","protected":false},"featured_media":7044,"template":"","product-category":[75],"class_list":["post-10498","product","type-product","status-publish","has-post-thumbnail","hentry","product-category-pared-techo-es"],"acf":[],"_links":{"self":[{"href":"https:\/\/stilnovo.trizerolab.it\/es\/wp-json\/wp\/v2\/product\/10498","targetHints":{"allow":["GET"]}}],"collection":[{"href":"https:\/\/stilnovo.trizerolab.it\/es\/wp-json\/wp\/v2\/product"}],"about":[{"href":"https:\/\/stilnovo.trizerolab.it\/es\/wp-json\/wp\/v2\/types\/product"}],"wp:featuredmedia":[{"embeddable":true,"href":"https:\/\/stilnovo.trizerolab.it\/es\/wp-json\/wp\/v2\/media\/7044"}],"wp:attachment":[{"href":"https:\/\/stilnovo.trizerolab.it\/es\/wp-json\/wp\/v2\/media?parent=10498"}],"wp:term":[{"taxonomy":"product-category","embeddable":true,"href":"https:\/\/stilnovo.trizerolab.it\/es\/wp-json\/wp\/v2\/product-category?post=10498"}],"curies":[{"name":"wp","href":"https:\/\/api.w.org\/{rel}","templated":true}]}}