{"id":10502,"date":"2025-03-31T08:15:34","date_gmt":"2025-03-31T08:15:34","guid":{"rendered":"https:\/\/www.stilnovo.com\/collection\/all\/mr-magoo-3-2"},"modified":"2025-05-06T14:27:27","modified_gmt":"2025-05-06T14:27:27","slug":"mr-magoo-3-2","status":"publish","type":"product","link":"https:\/\/stilnovo.trizerolab.it\/es\/collection\/pared-techo-es\/mr-magoo-3-2\/","title":{"rendered":"Mr. Magoo"},"content":{"rendered":"<p>Mr Magoo no es solo una l\u00e1mpara, sino una escultura luminosa. Sus l\u00edneas sinuosas y org\u00e1nicas evocan la suavidad de una nube, transformando cualquier espacio con una elegancia et\u00e9rea.<\/p>\n","protected":false},"featured_media":6929,"template":"","product-category":[75],"class_list":["post-10502","product","type-product","status-publish","has-post-thumbnail","hentry","product-category-pared-techo-es"],"acf":[],"_links":{"self":[{"href":"https:\/\/stilnovo.trizerolab.it\/es\/wp-json\/wp\/v2\/product\/10502","targetHints":{"allow":["GET"]}}],"collection":[{"href":"https:\/\/stilnovo.trizerolab.it\/es\/wp-json\/wp\/v2\/product"}],"about":[{"href":"https:\/\/stilnovo.trizerolab.it\/es\/wp-json\/wp\/v2\/types\/product"}],"wp:featuredmedia":[{"embeddable":true,"href":"https:\/\/stilnovo.trizerolab.it\/es\/wp-json\/wp\/v2\/media\/6929"}],"wp:attachment":[{"href":"https:\/\/stilnovo.trizerolab.it\/es\/wp-json\/wp\/v2\/media?parent=10502"}],"wp:term":[{"taxonomy":"product-category","embeddable":true,"href":"https:\/\/stilnovo.trizerolab.it\/es\/wp-json\/wp\/v2\/product-category?post=10502"}],"curies":[{"name":"wp","href":"https:\/\/api.w.org\/{rel}","templated":true}]}}