{"id":10533,"date":"2025-03-31T08:15:34","date_gmt":"2025-03-31T08:15:34","guid":{"rendered":"https:\/\/www.stilnovo.com\/collection\/all\/minibox-2-2"},"modified":"2025-05-06T14:27:27","modified_gmt":"2025-05-06T14:27:27","slug":"minibox-2-2","status":"publish","type":"product","link":"https:\/\/stilnovo.trizerolab.it\/es\/collection\/pared-techo-es\/minibox-2-2\/","title":{"rendered":"Minibox"},"content":{"rendered":"<p>Minibox Parete es una peque\u00f1a revoluci\u00f3n luminosa que combina el rigor del dise\u00f1o minimalista con una sutil iron\u00eda, aportando personalidad y funcionalidad a los espacios m\u00e1s diversos. Su rasgo distintivo es la ic\u00f3nica cabeza luminosa, unida al cuerpo met\u00e1lico mediante una sofisticada fijaci\u00f3n magn\u00e9tica: un detalle t\u00e9cnico que permite orientar la luz con total libertad y precisi\u00f3n.<\/p>\n","protected":false},"featured_media":6914,"template":"","product-category":[75],"class_list":["post-10533","product","type-product","status-publish","has-post-thumbnail","hentry","product-category-pared-techo-es"],"acf":[],"_links":{"self":[{"href":"https:\/\/stilnovo.trizerolab.it\/es\/wp-json\/wp\/v2\/product\/10533","targetHints":{"allow":["GET"]}}],"collection":[{"href":"https:\/\/stilnovo.trizerolab.it\/es\/wp-json\/wp\/v2\/product"}],"about":[{"href":"https:\/\/stilnovo.trizerolab.it\/es\/wp-json\/wp\/v2\/types\/product"}],"wp:featuredmedia":[{"embeddable":true,"href":"https:\/\/stilnovo.trizerolab.it\/es\/wp-json\/wp\/v2\/media\/6914"}],"wp:attachment":[{"href":"https:\/\/stilnovo.trizerolab.it\/es\/wp-json\/wp\/v2\/media?parent=10533"}],"wp:term":[{"taxonomy":"product-category","embeddable":true,"href":"https:\/\/stilnovo.trizerolab.it\/es\/wp-json\/wp\/v2\/product-category?post=10533"}],"curies":[{"name":"wp","href":"https:\/\/api.w.org\/{rel}","templated":true}]}}