{"id":10536,"date":"2025-03-31T08:15:33","date_gmt":"2025-03-31T08:15:33","guid":{"rendered":"https:\/\/www.stilnovo.com\/collection\/all\/lama-2-2"},"modified":"2025-05-06T14:27:27","modified_gmt":"2025-05-06T14:27:27","slug":"lama-2-2","status":"publish","type":"product","link":"https:\/\/stilnovo.trizerolab.it\/es\/collection\/pared-techo-es\/lama-2-2\/","title":{"rendered":"Lama"},"content":{"rendered":"<p>Lama es una oda al minimalismo refinado, un manifiesto de equilibrio entre la esencialidad y la sofisticaci\u00f3n. Una colecci\u00f3n que expresa la pureza de las formas y la armon\u00eda absoluta entre la estructura y la luz, convirti\u00e9ndose en un signo distintivo en los interiores contempor\u00e1neos m\u00e1s exigentes. El marco de aluminio acoge con sobriedad los difusores opalinos, perfectamente integrados en la geometr\u00eda de la l\u00e1mpara. De esta fusi\u00f3n nace una luz elegante y discreta, capaz de modelar el espacio con delicadeza y rigor.<\/p>\n","protected":false},"featured_media":6834,"template":"","product-category":[75],"class_list":["post-10536","product","type-product","status-publish","has-post-thumbnail","hentry","product-category-pared-techo-es"],"acf":[],"_links":{"self":[{"href":"https:\/\/stilnovo.trizerolab.it\/es\/wp-json\/wp\/v2\/product\/10536","targetHints":{"allow":["GET"]}}],"collection":[{"href":"https:\/\/stilnovo.trizerolab.it\/es\/wp-json\/wp\/v2\/product"}],"about":[{"href":"https:\/\/stilnovo.trizerolab.it\/es\/wp-json\/wp\/v2\/types\/product"}],"wp:featuredmedia":[{"embeddable":true,"href":"https:\/\/stilnovo.trizerolab.it\/es\/wp-json\/wp\/v2\/media\/6834"}],"wp:attachment":[{"href":"https:\/\/stilnovo.trizerolab.it\/es\/wp-json\/wp\/v2\/media?parent=10536"}],"wp:term":[{"taxonomy":"product-category","embeddable":true,"href":"https:\/\/stilnovo.trizerolab.it\/es\/wp-json\/wp\/v2\/product-category?post=10536"}],"curies":[{"name":"wp","href":"https:\/\/api.w.org\/{rel}","templated":true}]}}