{"id":10539,"date":"2025-03-31T08:15:33","date_gmt":"2025-03-31T08:15:33","guid":{"rendered":"https:\/\/www.stilnovo.com\/collection\/all\/gravitino541-2-2"},"modified":"2025-05-06T14:27:27","modified_gmt":"2025-05-06T14:27:27","slug":"gravitino541-2-2","status":"publish","type":"product","link":"https:\/\/stilnovo.trizerolab.it\/es\/collection\/pared-techo-es\/gravitino541-2-2\/","title":{"rendered":"Gravitino541"},"content":{"rendered":"<p>Gravitino 541 representa la perfecta fusi\u00f3n entre innovaci\u00f3n t\u00e9cnica y est\u00e9tica esencial. Un sistema magn\u00e9tico une la esfera superior, que alberga la fuente de luz LED, con la esfera inferior, la base, creando un di\u00e1logo fluido entre dise\u00f1o y funcionalidad.<\/p>\n","protected":false},"featured_media":7925,"template":"","product-category":[75],"class_list":["post-10539","product","type-product","status-publish","has-post-thumbnail","hentry","product-category-pared-techo-es"],"acf":[],"_links":{"self":[{"href":"https:\/\/stilnovo.trizerolab.it\/es\/wp-json\/wp\/v2\/product\/10539","targetHints":{"allow":["GET"]}}],"collection":[{"href":"https:\/\/stilnovo.trizerolab.it\/es\/wp-json\/wp\/v2\/product"}],"about":[{"href":"https:\/\/stilnovo.trizerolab.it\/es\/wp-json\/wp\/v2\/types\/product"}],"wp:featuredmedia":[{"embeddable":true,"href":"https:\/\/stilnovo.trizerolab.it\/es\/wp-json\/wp\/v2\/media\/7925"}],"wp:attachment":[{"href":"https:\/\/stilnovo.trizerolab.it\/es\/wp-json\/wp\/v2\/media?parent=10539"}],"wp:term":[{"taxonomy":"product-category","embeddable":true,"href":"https:\/\/stilnovo.trizerolab.it\/es\/wp-json\/wp\/v2\/product-category?post=10539"}],"curies":[{"name":"wp","href":"https:\/\/api.w.org\/{rel}","templated":true}]}}