{"id":10574,"date":"2025-03-31T08:15:32","date_gmt":"2025-03-31T08:15:32","guid":{"rendered":"https:\/\/www.stilnovo.com\/collection\/all\/diphy-3-2"},"modified":"2025-05-06T14:27:32","modified_gmt":"2025-05-06T14:27:32","slug":"diphy-3-2","status":"publish","type":"product","link":"https:\/\/stilnovo.trizerolab.it\/es\/collection\/pared-techo-es\/diphy-3-2\/","title":{"rendered":"Diphy"},"content":{"rendered":"<p>Diphy es una colecci\u00f3n de elementos luminosos con un encanto et\u00e9reo, donde la transparencia y la ligereza de las formas se combinan con la innovaci\u00f3n tecnol\u00f3gica m\u00e1s avanzada. Inspirada en la delicadeza del mundo natural, esta colecci\u00f3n fusiona una est\u00e9tica org\u00e1nica con un n\u00facleo tecnol\u00f3gico, creando una iluminaci\u00f3n que parece suspendida en el tiempo y el espacio.<\/p>\n<p>Su dise\u00f1o refinado y atemporal ha sido reconocido con la Menci\u00f3n de Honor en el Compasso d&#8217;Oro ADI 2018 y el Red Dot Design Award 2017.<\/p>\n","protected":false},"featured_media":6609,"template":"","product-category":[75],"class_list":["post-10574","product","type-product","status-publish","has-post-thumbnail","hentry","product-category-pared-techo-es"],"acf":[],"_links":{"self":[{"href":"https:\/\/stilnovo.trizerolab.it\/es\/wp-json\/wp\/v2\/product\/10574","targetHints":{"allow":["GET"]}}],"collection":[{"href":"https:\/\/stilnovo.trizerolab.it\/es\/wp-json\/wp\/v2\/product"}],"about":[{"href":"https:\/\/stilnovo.trizerolab.it\/es\/wp-json\/wp\/v2\/types\/product"}],"wp:featuredmedia":[{"embeddable":true,"href":"https:\/\/stilnovo.trizerolab.it\/es\/wp-json\/wp\/v2\/media\/6609"}],"wp:attachment":[{"href":"https:\/\/stilnovo.trizerolab.it\/es\/wp-json\/wp\/v2\/media?parent=10574"}],"wp:term":[{"taxonomy":"product-category","embeddable":true,"href":"https:\/\/stilnovo.trizerolab.it\/es\/wp-json\/wp\/v2\/product-category?post=10574"}],"curies":[{"name":"wp","href":"https:\/\/api.w.org\/{rel}","templated":true}]}}