{"id":10576,"date":"2025-03-31T08:15:31","date_gmt":"2025-03-31T08:15:31","guid":{"rendered":"https:\/\/www.stilnovo.com\/collection\/all\/bugia-2-2"},"modified":"2025-05-06T14:27:33","modified_gmt":"2025-05-06T14:27:33","slug":"bugia-2-2","status":"publish","type":"product","link":"https:\/\/stilnovo.trizerolab.it\/es\/collection\/pared-techo-es\/bugia-2-2\/","title":{"rendered":"Bugia"},"content":{"rendered":"<p>Emanando el encanto atemporal de los antiguos candelabros, la l\u00e1mpara Bugia de Stilnovo reinterpreta con elegancia e innovaci\u00f3n el cl\u00e1sico portavelas con asa. Dise\u00f1ada por Roberto Beretta, combina tradici\u00f3n y modernidad, transformando un objeto ic\u00f3nico en una pieza de iluminaci\u00f3n sofisticada.<\/p>\n<p>El nombre Bugia tiene profundas ra\u00edces hist\u00f3ricas: proviene de la ciudad norteafricana de Bidgiaya, famosa en su \u00e9poca por la producci\u00f3n de la valiosa cera utilizada para las velas. Hoy, esta l\u00e1mpara mantiene vivo ese esp\u00edritu evocador, ofreciendo una luz c\u00e1lida y envolvente que aporta un toque de sofisticaci\u00f3n a cualquier espacio.<\/p>\n<p>Un homenaje a la historia, dise\u00f1ado para el presente.<\/p>\n","protected":false},"featured_media":6549,"template":"","product-category":[75],"class_list":["post-10576","product","type-product","status-publish","has-post-thumbnail","hentry","product-category-pared-techo-es"],"acf":[],"_links":{"self":[{"href":"https:\/\/stilnovo.trizerolab.it\/es\/wp-json\/wp\/v2\/product\/10576","targetHints":{"allow":["GET"]}}],"collection":[{"href":"https:\/\/stilnovo.trizerolab.it\/es\/wp-json\/wp\/v2\/product"}],"about":[{"href":"https:\/\/stilnovo.trizerolab.it\/es\/wp-json\/wp\/v2\/types\/product"}],"wp:featuredmedia":[{"embeddable":true,"href":"https:\/\/stilnovo.trizerolab.it\/es\/wp-json\/wp\/v2\/media\/6549"}],"wp:attachment":[{"href":"https:\/\/stilnovo.trizerolab.it\/es\/wp-json\/wp\/v2\/media?parent=10576"}],"wp:term":[{"taxonomy":"product-category","embeddable":true,"href":"https:\/\/stilnovo.trizerolab.it\/es\/wp-json\/wp\/v2\/product-category?post=10576"}],"curies":[{"name":"wp","href":"https:\/\/api.w.org\/{rel}","templated":true}]}}