{"id":10578,"date":"2025-03-31T08:15:31","date_gmt":"2025-03-31T08:15:31","guid":{"rendered":"https:\/\/www.stilnovo.com\/collection\/all\/triedro-2-2"},"modified":"2025-05-06T14:27:33","modified_gmt":"2025-05-06T14:27:33","slug":"triedro-2-2","status":"publish","type":"product","link":"https:\/\/stilnovo.trizerolab.it\/es\/collection\/suspension-es\/triedro-2-2\/","title":{"rendered":"Triedro"},"content":{"rendered":"<p>Desde el cat\u00e1logo de Stilnovo de 1976 hasta la actualidad, Triedro encarna la elegancia funcional del dise\u00f1o italiano, con una est\u00e9tica que recuerda a las ic\u00f3nicas l\u00e1mparas de los estudios fotogr\u00e1ficos. Dise\u00f1ada con un equilibrio perfecto entre ingenier\u00eda y poes\u00eda de la luz, esta l\u00e1mpara suspendida es un sublime ejemplo de iluminaci\u00f3n t\u00e9cnica y decorativa.<\/p>\n","protected":false},"featured_media":6489,"template":"","product-category":[83],"class_list":["post-10578","product","type-product","status-publish","has-post-thumbnail","hentry","product-category-suspension-es"],"acf":[],"_links":{"self":[{"href":"https:\/\/stilnovo.trizerolab.it\/es\/wp-json\/wp\/v2\/product\/10578","targetHints":{"allow":["GET"]}}],"collection":[{"href":"https:\/\/stilnovo.trizerolab.it\/es\/wp-json\/wp\/v2\/product"}],"about":[{"href":"https:\/\/stilnovo.trizerolab.it\/es\/wp-json\/wp\/v2\/types\/product"}],"wp:featuredmedia":[{"embeddable":true,"href":"https:\/\/stilnovo.trizerolab.it\/es\/wp-json\/wp\/v2\/media\/6489"}],"wp:attachment":[{"href":"https:\/\/stilnovo.trizerolab.it\/es\/wp-json\/wp\/v2\/media?parent=10578"}],"wp:term":[{"taxonomy":"product-category","embeddable":true,"href":"https:\/\/stilnovo.trizerolab.it\/es\/wp-json\/wp\/v2\/product-category?post=10578"}],"curies":[{"name":"wp","href":"https:\/\/api.w.org\/{rel}","templated":true}]}}