{"id":10613,"date":"2025-03-31T08:15:30","date_gmt":"2025-03-31T08:15:30","guid":{"rendered":"https:\/\/www.stilnovo.com\/collection\/all\/saliscendi-2"},"modified":"2025-05-06T14:27:38","modified_gmt":"2025-05-06T14:27:38","slug":"saliscendi-2","status":"publish","type":"product","link":"https:\/\/stilnovo.trizerolab.it\/es\/collection\/suspension-es\/saliscendi-2\/","title":{"rendered":"Saliscendi"},"content":{"rendered":"<p>Dise\u00f1ada en 1957 y galardonada con la Menci\u00f3n de Honor en el Compasso d&#8217;Oro ADI, Saliscendi es una l\u00e1mpara colgante regulable con doble emisi\u00f3n, capaz de modular la luz directa e indirecta con un gesto sencillo. El cuerpo luminoso y el disco reflector se deslizan a lo largo de los cables en movimiento inverso, ofreciendo una iluminaci\u00f3n din\u00e1mica y personalizable. Creada originalmente para la C\u00e1mara de Comercio de Mil\u00e1n, Saliscendi se reinterpreta hoy con fuentes LED regulables, preservando la genialidad del dise\u00f1o original.<\/p>\n","protected":false},"featured_media":6354,"template":"","product-category":[83],"class_list":["post-10613","product","type-product","status-publish","has-post-thumbnail","hentry","product-category-suspension-es"],"acf":[],"_links":{"self":[{"href":"https:\/\/stilnovo.trizerolab.it\/es\/wp-json\/wp\/v2\/product\/10613","targetHints":{"allow":["GET"]}}],"collection":[{"href":"https:\/\/stilnovo.trizerolab.it\/es\/wp-json\/wp\/v2\/product"}],"about":[{"href":"https:\/\/stilnovo.trizerolab.it\/es\/wp-json\/wp\/v2\/types\/product"}],"wp:featuredmedia":[{"embeddable":true,"href":"https:\/\/stilnovo.trizerolab.it\/es\/wp-json\/wp\/v2\/media\/6354"}],"wp:attachment":[{"href":"https:\/\/stilnovo.trizerolab.it\/es\/wp-json\/wp\/v2\/media?parent=10613"}],"wp:term":[{"taxonomy":"product-category","embeddable":true,"href":"https:\/\/stilnovo.trizerolab.it\/es\/wp-json\/wp\/v2\/product-category?post=10613"}],"curies":[{"name":"wp","href":"https:\/\/api.w.org\/{rel}","templated":true}]}}