{"id":10615,"date":"2025-03-31T08:15:30","date_gmt":"2025-03-31T08:15:30","guid":{"rendered":"https:\/\/www.stilnovo.com\/collection\/all\/quad-3"},"modified":"2025-05-06T14:27:38","modified_gmt":"2025-05-06T14:27:38","slug":"quad-3","status":"publish","type":"product","link":"https:\/\/stilnovo.trizerolab.it\/es\/collection\/suspension-es\/quad-3\/","title":{"rendered":"Quad"},"content":{"rendered":"<p>L\u00edneas esenciales y proporciones rigurosas se combinan en estructuras ligeras pero esc\u00e9nicas, donde la luz se convierte en la aut\u00e9ntica protagonista, dibujando el espacio con elegancia y precisi\u00f3n. Quad est\u00e1 dise\u00f1ada para ambientes que requieren un impacto gr\u00e1fico distintivo y sofisticado: cada composici\u00f3n refleja una visi\u00f3n a medida del equilibrio entre dise\u00f1o y arquitectura, entre forma y luz.<\/p>\n","protected":false},"featured_media":8097,"template":"","product-category":[83],"class_list":["post-10615","product","type-product","status-publish","has-post-thumbnail","hentry","product-category-suspension-es"],"acf":[],"_links":{"self":[{"href":"https:\/\/stilnovo.trizerolab.it\/es\/wp-json\/wp\/v2\/product\/10615","targetHints":{"allow":["GET"]}}],"collection":[{"href":"https:\/\/stilnovo.trizerolab.it\/es\/wp-json\/wp\/v2\/product"}],"about":[{"href":"https:\/\/stilnovo.trizerolab.it\/es\/wp-json\/wp\/v2\/types\/product"}],"wp:featuredmedia":[{"embeddable":true,"href":"https:\/\/stilnovo.trizerolab.it\/es\/wp-json\/wp\/v2\/media\/8097"}],"wp:attachment":[{"href":"https:\/\/stilnovo.trizerolab.it\/es\/wp-json\/wp\/v2\/media?parent=10615"}],"wp:term":[{"taxonomy":"product-category","embeddable":true,"href":"https:\/\/stilnovo.trizerolab.it\/es\/wp-json\/wp\/v2\/product-category?post=10615"}],"curies":[{"name":"wp","href":"https:\/\/api.w.org\/{rel}","templated":true}]}}