{"id":10619,"date":"2025-03-31T08:15:29","date_gmt":"2025-03-31T08:15:29","guid":{"rendered":"https:\/\/www.stilnovo.com\/collection\/all\/megafono-2-2"},"modified":"2025-05-06T14:27:38","modified_gmt":"2025-05-06T14:27:38","slug":"megafono-2-2","status":"publish","type":"product","link":"https:\/\/stilnovo.trizerolab.it\/es\/collection\/suspension-es\/megafono-2-2\/","title":{"rendered":"Megafono"},"content":{"rendered":"<p>Megafono es un icono atemporal, nacido en los a\u00f1os 50 y a\u00fan hoy capaz de marcar estilo con su silueta elegante y sus detalles impecables. Una l\u00e1mpara de suspensi\u00f3n que ilumina con clase, aportando car\u00e1cter y distinci\u00f3n a cualquier espacio. El dise\u00f1o de doble cono de las pantallas orientables ofrece una luz vers\u00e1til, combinando haces directos y reflejos suaves para crear ambientes c\u00e1lidos y sofisticados.<\/p>\n","protected":false},"featured_media":6174,"template":"","product-category":[83],"class_list":["post-10619","product","type-product","status-publish","has-post-thumbnail","hentry","product-category-suspension-es"],"acf":[],"_links":{"self":[{"href":"https:\/\/stilnovo.trizerolab.it\/es\/wp-json\/wp\/v2\/product\/10619","targetHints":{"allow":["GET"]}}],"collection":[{"href":"https:\/\/stilnovo.trizerolab.it\/es\/wp-json\/wp\/v2\/product"}],"about":[{"href":"https:\/\/stilnovo.trizerolab.it\/es\/wp-json\/wp\/v2\/types\/product"}],"wp:featuredmedia":[{"embeddable":true,"href":"https:\/\/stilnovo.trizerolab.it\/es\/wp-json\/wp\/v2\/media\/6174"}],"wp:attachment":[{"href":"https:\/\/stilnovo.trizerolab.it\/es\/wp-json\/wp\/v2\/media?parent=10619"}],"wp:term":[{"taxonomy":"product-category","embeddable":true,"href":"https:\/\/stilnovo.trizerolab.it\/es\/wp-json\/wp\/v2\/product-category?post=10619"}],"curies":[{"name":"wp","href":"https:\/\/api.w.org\/{rel}","templated":true}]}}