{"id":10620,"date":"2025-03-31T08:15:29","date_gmt":"2025-03-31T08:15:29","guid":{"rendered":"https:\/\/www.stilnovo.com\/collection\/all\/luna-2-2"},"modified":"2025-05-06T14:27:38","modified_gmt":"2025-05-06T14:27:38","slug":"luna-2-2","status":"publish","type":"product","link":"https:\/\/stilnovo.trizerolab.it\/es\/collection\/suspension-es\/luna-2-2\/","title":{"rendered":"Luna"},"content":{"rendered":"<p>Luna es una l\u00ednea de luz que roza el aire, suspendida con gracia y equilibrio. Un gesto de dise\u00f1o puro, capaz de aportar una elegancia susurrada a los espacios m\u00e1s exclusivos. Su luz, nunca est\u00e1tica, se refleja sobre un disco orientable, difundiendo una atm\u00f3sfera suave y acogedora.<br \/>\nEn el coraz\u00f3n de Luna reside un sistema de equilibrio articulado patentado, que permite modular la proyecci\u00f3n de la luz con naturalidad y precisi\u00f3n.<\/p>\n","protected":false},"featured_media":6144,"template":"","product-category":[83],"class_list":["post-10620","product","type-product","status-publish","has-post-thumbnail","hentry","product-category-suspension-es"],"acf":[],"_links":{"self":[{"href":"https:\/\/stilnovo.trizerolab.it\/es\/wp-json\/wp\/v2\/product\/10620","targetHints":{"allow":["GET"]}}],"collection":[{"href":"https:\/\/stilnovo.trizerolab.it\/es\/wp-json\/wp\/v2\/product"}],"about":[{"href":"https:\/\/stilnovo.trizerolab.it\/es\/wp-json\/wp\/v2\/types\/product"}],"wp:featuredmedia":[{"embeddable":true,"href":"https:\/\/stilnovo.trizerolab.it\/es\/wp-json\/wp\/v2\/media\/6144"}],"wp:attachment":[{"href":"https:\/\/stilnovo.trizerolab.it\/es\/wp-json\/wp\/v2\/media?parent=10620"}],"wp:term":[{"taxonomy":"product-category","embeddable":true,"href":"https:\/\/stilnovo.trizerolab.it\/es\/wp-json\/wp\/v2\/product-category?post=10620"}],"curies":[{"name":"wp","href":"https:\/\/api.w.org\/{rel}","templated":true}]}}