{"id":10621,"date":"2025-03-31T08:15:28","date_gmt":"2025-03-31T08:15:28","guid":{"rendered":"https:\/\/www.stilnovo.com\/collection\/all\/lampiatta-2-2"},"modified":"2025-05-06T14:27:38","modified_gmt":"2025-05-06T14:27:38","slug":"lampiatta-2-2","status":"publish","type":"product","link":"https:\/\/stilnovo.trizerolab.it\/es\/collection\/suspension-es\/lampiatta-2-2\/","title":{"rendered":"Lampiatta"},"content":{"rendered":"<p>Lampiatta representa la l\u00e1mpara de suspensi\u00f3n en su forma m\u00e1s pura. Reducida a lo esencial, sin articulaciones ni mecanismos innecesarios, esta l\u00e1mpara es un ejercicio de simplicidad y dise\u00f1o. Un objeto atemporal, capaz de trascender las tendencias sin perder su car\u00e1cter.<\/p>\n","protected":false},"featured_media":6114,"template":"","product-category":[83],"class_list":["post-10621","product","type-product","status-publish","has-post-thumbnail","hentry","product-category-suspension-es"],"acf":[],"_links":{"self":[{"href":"https:\/\/stilnovo.trizerolab.it\/es\/wp-json\/wp\/v2\/product\/10621","targetHints":{"allow":["GET"]}}],"collection":[{"href":"https:\/\/stilnovo.trizerolab.it\/es\/wp-json\/wp\/v2\/product"}],"about":[{"href":"https:\/\/stilnovo.trizerolab.it\/es\/wp-json\/wp\/v2\/types\/product"}],"wp:featuredmedia":[{"embeddable":true,"href":"https:\/\/stilnovo.trizerolab.it\/es\/wp-json\/wp\/v2\/media\/6114"}],"wp:attachment":[{"href":"https:\/\/stilnovo.trizerolab.it\/es\/wp-json\/wp\/v2\/media?parent=10621"}],"wp:term":[{"taxonomy":"product-category","embeddable":true,"href":"https:\/\/stilnovo.trizerolab.it\/es\/wp-json\/wp\/v2\/product-category?post=10621"}],"curies":[{"name":"wp","href":"https:\/\/api.w.org\/{rel}","templated":true}]}}